{"id":196974,"date":"2024-11-20T11:06:56","date_gmt":"2024-11-20T11:06:56","guid":{"rendered":"https:\/\/mayaflats.com\/?page_id=196974"},"modified":"2025-10-16T16:24:05","modified_gmt":"2025-10-16T16:24:05","slug":"terms-and-conditions","status":"publish","type":"page","link":"https:\/\/mayaflats.com\/de\/terms-and-conditions\/","title":{"rendered":"Gesch\u00e4ftsbedingungen"},"content":{"rendered":"<div data-elementor-type=\"wp-page\" data-elementor-id=\"196974\" class=\"elementor elementor-196974\" data-elementor-post-type=\"page\">\n\t\t\t\t<div class=\"elementor-element elementor-element-ca63423 e-flex e-con-boxed e-con e-parent\" data-id=\"ca63423\" data-element_type=\"container\" data-settings=\"{&quot;jet_parallax_layout_list&quot;:[],&quot;background_background&quot;:&quot;classic&quot;}\">\n\t\t\t\t\t<div class=\"e-con-inner\">\n\t\t<div class=\"elementor-element elementor-element-633b4ca e-con-full e-flex e-con e-child\" data-id=\"633b4ca\" data-element_type=\"container\" data-settings=\"{&quot;jet_parallax_layout_list&quot;:[]}\">\n\t\t\t\t<div class=\"elementor-element elementor-element-96c2567 elementor-widget elementor-widget-heading\" data-id=\"96c2567\" data-element_type=\"widget\" data-widget_type=\"heading.default\">\n\t\t\t\t<div class=\"elementor-widget-container\">\n\t\t\t\t\t<h1 class=\"elementor-heading-title elementor-size-default\">Richtlinien und Hausregeln<\/h1>\t\t\t\t<\/div>\n\t\t\t\t<\/div>\n\t\t\t\t<\/div>\n\t\t\t\t\t<\/div>\n\t\t\t\t<\/div>\n\t\t\t\t<section class=\"elementor-section elementor-top-section elementor-element elementor-element-6e5edd4 elementor-section-boxed elementor-section-height-default elementor-section-height-default\" data-id=\"6e5edd4\" data-element_type=\"section\" data-settings=\"{&quot;jet_parallax_layout_list&quot;:[],&quot;background_background&quot;:&quot;classic&quot;}\">\n\t\t\t\t\t\t<div class=\"elementor-container elementor-column-gap-default\">\n\t\t\t\t\t<div class=\"elementor-column elementor-col-100 elementor-top-column elementor-element elementor-element-f2b9411\" data-id=\"f2b9411\" data-element_type=\"column\">\n\t\t\t<div class=\"elementor-widget-wrap elementor-element-populated\">\n\t\t\t\t\t\t<div class=\"elementor-element elementor-element-91ced21 elementor-widget elementor-widget-text-editor\" data-id=\"91ced21\" data-element_type=\"widget\" data-widget_type=\"text-editor.default\">\n\t\t\t\t<div class=\"elementor-widget-container\">\n\t\t\t\t\t\t\t\t\t<h2 data-start=\"97\" data-end=\"139\"><strong data-start=\"100\" data-end=\"139\">Maya Flats \u2013 Richtlinien &amp; Hausregeln<\/strong><\/h2><p data-start=\"141\" data-end=\"256\"><strong data-start=\"141\" data-end=\"151\">Marke:<\/strong> Maya Flats &amp; Resorts (Maya Holdings &amp; Services Sp. z oo)<br data-start=\"210\" data-end=\"213\" \/><strong data-start=\"213\" data-end=\"238\">Concierge (WhatsApp):<\/strong>\u00a0<strong style=\"background-color: inherit; letter-spacing: inherit;\" data-start=\"4308\" data-end=\"4338\"><a href=\"https:\/\/wa.me\/48884828718\" target=\"_blank\" rel=\"noopener\">+48 884 828 718<\/a>.<\/strong><\/p><hr data-start=\"258\" data-end=\"261\" \/><h3 data-start=\"263\" data-end=\"293\"><strong data-start=\"267\" data-end=\"293\">1. Preise, Steuern und Geb\u00fchren<\/strong><\/h3><ul data-start=\"294\" data-end=\"556\"><li data-start=\"294\" data-end=\"401\"><p data-start=\"296\" data-end=\"401\"><strong data-start=\"296\" data-end=\"309\">Stadtsteuer:<\/strong> 3,31 PLN pro Person und Nacht \u2013 wird gem\u00e4\u00df den \u00f6rtlichen Gesetzen zum Gesamtbetrag der Reservierung hinzugerechnet.<\/p><\/li><li data-start=\"402\" data-end=\"496\"><p data-start=\"404\" data-end=\"496\"><strong data-start=\"404\" data-end=\"421\">Reinigungsgeb\u00fchr:<\/strong> 359 PLN pro Aufenthalt (inklusive professioneller Reinigung und W\u00e4scheaufbereitung).<\/p><\/li><li data-start=\"497\" data-end=\"556\"><p data-start=\"499\" data-end=\"556\"><strong data-start=\"499\" data-end=\"512\">Enthalten:<\/strong> WLAN, Strom, Bettw\u00e4sche und das N\u00f6tigste.<\/p><\/li><\/ul><hr data-start=\"558\" data-end=\"561\" \/><h3 data-start=\"563\" data-end=\"592\"><strong data-start=\"567\" data-end=\"592\">2. Zahlungen &amp; Einzahlung<\/strong><\/h3><ul data-start=\"593\" data-end=\"919\"><li data-start=\"593\" data-end=\"687\"><p data-start=\"595\" data-end=\"687\"><strong data-start=\"595\" data-end=\"607\">Zahlung:<\/strong> Zur Best\u00e4tigung der Reservierung ist die vollst\u00e4ndige Zahlung erforderlich, sofern nichts anderes vereinbart wurde.<\/p><\/li><li data-start=\"688\" data-end=\"919\"><p data-start=\"690\" data-end=\"919\"><strong data-start=\"690\" data-end=\"731\">Sicherheitsleistung \/ Vorautorisierung:<\/strong> Eine r\u00fcckzahlbare Reservierung von <strong data-start=\"753\" data-end=\"770\">800\u20131.500 PLN<\/strong> Es kann vor Ihrer Ankunft ein Betrag auf Ihrer Karte hinterlegt werden, um Nebenkosten abzudecken.<br data-start=\"834\" data-end=\"837\" \/>Ihre Bank wird die Gelder innerhalb von <strong data-start=\"879\" data-end=\"901\">5\u201310 Werktage<\/strong> nach dem Bezahlvorgang.<\/p><\/li><\/ul><hr data-start=\"921\" data-end=\"924\" \/><h3 data-start=\"926\" data-end=\"959\"><strong data-start=\"930\" data-end=\"959\">3. Stornierung &amp; R\u00fcckerstattung<\/strong><\/h3><ul data-start=\"960\" data-end=\"1239\"><li data-start=\"960\" data-end=\"1020\"><p data-start=\"962\" data-end=\"1020\"><strong data-start=\"962\" data-end=\"998\">Stornierung \u2265 14 Tage vor Anreise:<\/strong> Volle R\u00fcckerstattung (100%).<\/p><\/li><li data-start=\"1021\" data-end=\"1119\"><p data-start=\"1023\" data-end=\"1119\"><strong data-start=\"1023\" data-end=\"1059\">Stornierung weniger als 14 Tage vor Anreise:<\/strong> 20% R\u00fcckerstattung des gesamten Buchungswertes (80% Stornogeb\u00fchr).<\/p><\/li><li data-start=\"1120\" data-end=\"1152\"><p data-start=\"1122\" data-end=\"1152\"><strong data-start=\"1122\" data-end=\"1134\">No-Show:<\/strong> Nicht erstattungsf\u00e4hig.<\/p><\/li><li data-start=\"1153\" data-end=\"1239\"><p data-start=\"1155\" data-end=\"1239\"><strong data-start=\"1155\" data-end=\"1167\">R\u00fcckerstattungen:<\/strong> Verarbeitet innerhalb <strong data-start=\"1185\" data-end=\"1207\">7\u201314 Werktage<\/strong> auf Ihr Bankkonto oder Ihre Karte.<\/p><\/li><\/ul><hr data-start=\"1241\" data-end=\"1244\" \/><h3 data-start=\"1246\" data-end=\"1277\"><strong data-start=\"1250\" data-end=\"1277\">4. Ein- und Auschecken<\/strong><\/h3><ul data-start=\"1278\" data-end=\"1477\"><li data-start=\"1278\" data-end=\"1306\"><p data-start=\"1280\" data-end=\"1306\"><strong data-start=\"1280\" data-end=\"1293\">Einchecken:<\/strong> Ab 15:00 Uhr<\/p><\/li><li data-start=\"1307\" data-end=\"1334\"><p data-start=\"1309\" data-end=\"1334\"><strong data-start=\"1309\" data-end=\"1323\">Kasse:<\/strong> Bis 11:00 Uhr<\/p><\/li><li data-start=\"1335\" data-end=\"1477\"><p data-start=\"1337\" data-end=\"1477\"><strong data-start=\"1337\" data-end=\"1373\">Fr\u00fcher Check-in \/ Sp\u00e4ter Check-out:<\/strong> Verf\u00fcgbar, sofern m\u00f6glich. Bitte stimmen Sie sich im Voraus ab \u2013 wir erheben f\u00fcr diesen Service keine zus\u00e4tzlichen Geb\u00fchren.<\/p><\/li><\/ul><hr data-start=\"1479\" data-end=\"1482\" \/><h3 data-start=\"1484\" data-end=\"1521\"><strong data-start=\"1488\" data-end=\"1521\">5. Identifizierung &amp; Belegung<\/strong><\/h3><ul data-start=\"1522\" data-end=\"1801\"><li data-start=\"1522\" data-end=\"1641\"><p data-start=\"1524\" data-end=\"1641\"><strong data-start=\"1524\" data-end=\"1537\">Gast-ID:<\/strong> F\u00fcr den Hauptgast (und gegebenenfalls f\u00fcr alle Erwachsenen) kann ein g\u00fcltiger, von einer Regierungsbeh\u00f6rde ausgestellter Lichtbildausweis erforderlich sein.<\/p><\/li><li data-start=\"1642\" data-end=\"1686\"><p data-start=\"1644\" data-end=\"1686\"><strong data-start=\"1644\" data-end=\"1660\">Mindestalter:<\/strong> Der Hauptgast ist ab 18 Jahren zugelassen.<\/p><\/li><li data-start=\"1687\" data-end=\"1801\"><p data-start=\"1689\" data-end=\"1801\"><strong data-start=\"1689\" data-end=\"1703\">Belegung:<\/strong> Die maximale G\u00e4steanzahl entspricht der in der Reservierung angegebenen Anzahl. Zus\u00e4tzliche G\u00e4ste bed\u00fcrfen der vorherigen Genehmigung.<\/p><\/li><\/ul><hr data-start=\"1803\" data-end=\"1806\" \/><h3 data-start=\"1808\" data-end=\"1830\"><strong data-start=\"1812\" data-end=\"1830\">6. Hausregeln<\/strong><\/h3><ul data-start=\"1831\" data-end=\"2257\"><li data-start=\"1831\" data-end=\"1901\"><p data-start=\"1833\" data-end=\"1901\"><strong data-start=\"1833\" data-end=\"1848\">Rauchen verboten:<\/strong> Innerhalb der Wohnungen (nur in ausgewiesenen Au\u00dfenbereichen).<\/p><\/li><li data-start=\"1902\" data-end=\"1937\"><p data-start=\"1904\" data-end=\"1937\"><strong data-start=\"1904\" data-end=\"1920\">Ruhezeiten:<\/strong> 22:00 \u2013 07:00.<\/p><\/li><li data-start=\"1938\" data-end=\"2053\"><p data-start=\"1940\" data-end=\"2053\"><strong data-start=\"1940\" data-end=\"1949\">Haustiere:<\/strong> Willkommen in ausgew\u00e4hlten Apartments nach vorheriger Absprache. Bitte best\u00e4tigen Sie Gr\u00f6\u00dfe, Rasse und Impfstatus Ihres Hundes.<\/p><\/li><li data-start=\"2054\" data-end=\"2164\"><p data-start=\"2056\" data-end=\"2164\"><strong data-start=\"2056\" data-end=\"2077\">Partys &amp; Events:<\/strong> Nur mit vorheriger Genehmigung gestattet. Die Bauvorschriften und Ruhezeiten sind zu beachten.<\/p><\/li><li data-start=\"2165\" data-end=\"2257\"><p data-start=\"2167\" data-end=\"2257\"><strong data-start=\"2167\" data-end=\"2194\">Respektiere deine Nachbarn:<\/strong> Halten Sie die Gemeinschaftsbereiche sauber und achten Sie auf einen angemessenen Ger\u00e4uschpegel.<\/p><\/li><\/ul><hr data-start=\"2259\" data-end=\"2262\" \/><h3 data-start=\"2264\" data-end=\"2295\"><strong data-start=\"2268\" data-end=\"2295\">7. Haustiere \u2013 Mit Genehmigung<\/strong><\/h3><ul data-start=\"2296\" data-end=\"2567\"><li data-start=\"2296\" data-end=\"2345\"><p data-start=\"2298\" data-end=\"2345\">Best\u00e4tigen Sie mindestens <strong data-start=\"2315\" data-end=\"2343\">48 Stunden vor Ankunft.<\/strong><\/p><\/li><li data-start=\"2346\" data-end=\"2420\"><p data-start=\"2348\" data-end=\"2420\">Haustiere behalten <strong data-start=\"2358\" data-end=\"2385\">In Gemeinschaftsbereichen an der Leine f\u00fchren<\/strong> Und <strong data-start=\"2390\" data-end=\"2418\">von M\u00f6beln\/Bettw\u00e4sche.<\/strong><\/p><\/li><li data-start=\"2421\" data-end=\"2481\"><p data-start=\"2423\" data-end=\"2481\">Haustiere sollten nicht unbeaufsichtigt gelassen werden, es sei denn, sie befinden sich in einer sicheren Transportbox.<\/p><\/li><li data-start=\"2482\" data-end=\"2567\"><p data-start=\"2484\" data-end=\"2567\">G\u00e4ste haften f\u00fcr alle Sch\u00e4den, Reinigungsarbeiten oder St\u00f6rungen, die durch Haustiere verursacht werden.<\/p><\/li><\/ul><hr data-start=\"2569\" data-end=\"2572\" \/><h3 data-start=\"2574\" data-end=\"2620\"><strong data-start=\"2578\" data-end=\"2620\">8. Veranstaltungen und Zusammenk\u00fcnfte \u2013 Mit Genehmigung<\/strong><\/h3><ul data-start=\"2621\" data-end=\"2872\"><li data-start=\"2621\" data-end=\"2700\"><p data-start=\"2623\" data-end=\"2700\">Muss im Voraus angefordert werden bei <strong data-start=\"2657\" data-end=\"2698\">Einzelheiten zu Gr\u00f6\u00dfe, Zeitpunkt und Zweck.<\/strong><\/p><\/li><li data-start=\"2701\" data-end=\"2754\"><p data-start=\"2703\" data-end=\"2754\">Beachten Sie die Geb\u00e4udebeschr\u00e4nkungen (Ruhezeiten, maximale Belegung).<\/p><\/li><li data-start=\"2755\" data-end=\"2801\"><p data-start=\"2757\" data-end=\"2801\">Kein st\u00f6rendes Verhalten oder \u00fcberm\u00e4\u00dfiger L\u00e4rm.<\/p><\/li><li data-start=\"2802\" data-end=\"2872\"><p data-start=\"2804\" data-end=\"2872\">Zus\u00e4tzliche Reinigungsarbeiten oder Sch\u00e4den, die durch Veranstaltungen entstehen, werden zum Selbstkostenpreis in Rechnung gestellt.<\/p><\/li><\/ul><hr data-start=\"2874\" data-end=\"2877\" \/><h3 data-start=\"2879\" data-end=\"2914\"><strong data-start=\"2883\" data-end=\"2914\">9. Sch\u00e4den &amp; Zus\u00e4tzliche Reinigung<\/strong><\/h3><ul data-start=\"2915\" data-end=\"3217\"><li data-start=\"2915\" data-end=\"2987\"><p data-start=\"2917\" data-end=\"2987\">Der <strong data-start=\"2921\" data-end=\"2935\">Hauptgast<\/strong> ist w\u00e4hrend des Aufenthalts f\u00fcr die Wohnung verantwortlich.<\/p><\/li><li data-start=\"2988\" data-end=\"3061\"><p data-start=\"2990\" data-end=\"3061\">Bitte <strong data-start=\"2997\" data-end=\"3027\">Sch\u00e4den sofort melden<\/strong> damit wir sie schnell bearbeiten k\u00f6nnen.<\/p><\/li><li data-start=\"3062\" data-end=\"3217\"><p data-start=\"3064\" data-end=\"3217\">Es fallen nur Geb\u00fchren f\u00fcr die tats\u00e4chlichen Reparatur-\/Ersatzkosten an oder <strong data-start=\"3122\" data-end=\"3158\">zus\u00e4tzliche Reinigung \u00fcber den normalen Gebrauch hinaus<\/strong> (z. B. Rauch, hartn\u00e4ckige Flecken, Glitzer\/Konfetti, Tierhaare).<\/p><\/li><\/ul><p data-start=\"3219\" data-end=\"3241\"><strong data-start=\"3219\" data-end=\"3239\">\u00dcbliche Geb\u00fchren:<\/strong><\/p><ul data-start=\"3242\" data-end=\"3386\"><li data-start=\"3242\" data-end=\"3292\"><p data-start=\"3244\" data-end=\"3292\">Schl\u00fcsselverlust\/Schl\u00fcsselanh\u00e4nger: 150\u2013400 PLN (abh\u00e4ngig vom Geb\u00e4ude)<\/p><\/li><li data-start=\"3293\" data-end=\"3342\"><p data-start=\"3295\" data-end=\"3342\">Schl\u00fcsseldienst-Einsatz (Gastfehler): 250\u2013500 PLN<\/p><\/li><li data-start=\"3343\" data-end=\"3386\"><p data-start=\"3345\" data-end=\"3386\">Zus\u00e4tzliche Reinigung (falls erforderlich): 200\u2013600 PLN<\/p><\/li><\/ul><hr data-start=\"3388\" data-end=\"3391\" \/><h3 data-start=\"3393\" data-end=\"3425\"><strong data-start=\"3397\" data-end=\"3425\">10. Wartung und Sicherheit<\/strong><\/h3><ul data-start=\"3426\" data-end=\"3628\"><li data-start=\"3426\" data-end=\"3542\"><p data-start=\"3428\" data-end=\"3542\">Mitarbeiter von Maya Flats d\u00fcrfen die Wohnung betreten. <strong data-start=\"3469\" data-end=\"3492\">nur wenn notwendig<\/strong> (Wartungsarbeiten, Notf\u00e4lle oder Sicherheitsbedenken).<\/p><\/li><li data-start=\"3543\" data-end=\"3628\"><p data-start=\"3545\" data-end=\"3628\">Sicherheitseinrichtungen (z. B. Rauchmelder, Brandschutzt\u00fcren) <strong data-start=\"3596\" data-end=\"3626\">Darf nicht manipuliert werden.<\/strong><\/p><\/li><\/ul><hr data-start=\"3630\" data-end=\"3633\" \/><h3 data-start=\"3635\" data-end=\"3667\"><strong data-start=\"3639\" data-end=\"3667\">11. Reinigung w\u00e4hrend des Aufenthalts<\/strong><\/h3><ul data-start=\"3668\" data-end=\"3796\"><li data-start=\"3668\" data-end=\"3730\"><p data-start=\"3670\" data-end=\"3730\">Die Wohnungen werden professionell gereinigt. <strong data-start=\"3708\" data-end=\"3728\">nach jedem Aufenthalt.<\/strong><\/p><\/li><li data-start=\"3731\" data-end=\"3796\"><p data-start=\"3733\" data-end=\"3796\">Zus\u00e4tzliche Reinigung oder W\u00e4schewechsel sind m\u00f6glich <strong data-start=\"3779\" data-end=\"3794\">auf Anfrage.<\/strong><\/p><\/li><\/ul><hr data-start=\"3798\" data-end=\"3801\" \/><h3 data-start=\"3803\" data-end=\"3827\"><strong data-start=\"3807\" data-end=\"3827\">12. Fundb\u00fcro<\/strong><\/h3><ul data-start=\"3828\" data-end=\"3951\"><li data-start=\"3828\" data-end=\"3865\"><p data-start=\"3830\" data-end=\"3865\">Gegenst\u00e4nde werden gelagert f\u00fcr <strong data-start=\"3851\" data-end=\"3863\">14 Tage.<\/strong><\/p><\/li><li data-start=\"3866\" data-end=\"3951\"><p data-start=\"3868\" data-end=\"3951\">Wir k\u00f6nnen Artikel auf Anfrage zur\u00fccksenden \u2013 die Versandkosten tr\u00e4gt der Gast.<\/p><\/li><\/ul><hr data-start=\"3953\" data-end=\"3956\" \/><h3 data-start=\"3958\" data-end=\"3998\"><strong data-start=\"3962\" data-end=\"3998\">13. Vorzeitige Abreise \/ Umzug<\/strong><\/h3><ul data-start=\"3999\" data-end=\"4201\"><li data-start=\"3999\" data-end=\"4064\"><p data-start=\"4001\" data-end=\"4064\"><strong data-start=\"4001\" data-end=\"4018\">Ungenutzte N\u00e4chte<\/strong> Sobald der Aufenthalt begonnen hat, werden die Kosten nicht mehr erstattet.<\/p><\/li><li data-start=\"4065\" data-end=\"4201\"><p data-start=\"4067\" data-end=\"4201\">In seltenen F\u00e4llen der Nichtverf\u00fcgbarkeit wird Maya Flats eine <strong data-start=\"4126\" data-end=\"4162\">vergleichbare oder h\u00f6herwertige Wohnung<\/strong> oder eine R\u00fcckerstattung f\u00fcr nicht genutzte N\u00e4chte anbieten.<\/p><\/li><\/ul><hr data-start=\"4203\" data-end=\"4206\" \/><h3 data-start=\"4208\" data-end=\"4243\"><strong data-start=\"4212\" data-end=\"4243\">14. Kommunikation und Unterst\u00fctzung<\/strong><\/h3><p data-start=\"4244\" data-end=\"4340\">F\u00fcr Unterst\u00fctzung oder Empfehlungen vor Ort kontaktieren Sie uns jederzeit \u00fcber <strong data-start=\"4308\" data-end=\"4338\">WhatsApp: <a href=\"https:\/\/wa.me\/48884828718\" target=\"_blank\" rel=\"noopener\">+48 884 828 718<\/a>.<\/strong><\/p>\t\t\t\t\t\t\t\t<\/div>\n\t\t\t\t<\/div>\n\t\t\t\t\t<\/div>\n\t\t<\/div>\n\t\t\t\t\t<\/div>\n\t\t<\/section>\n\t\t\t\t<\/div>","protected":false},"excerpt":{"rendered":"<p>Policies &amp; House Rules Maya Flats \u2013 Policies &amp; House Rules Brand: Maya Flats &amp; Resorts (Maya Holdings &amp; Services Sp. z o.o.)Concierge (WhatsApp):\u00a0+48 884 828 718. 1. Rates, Taxes &amp; Fees City Tax: 3.31 PLN per person, per night \u2014 added to the reservation total as required by local law. Cleaning Fee: 359 PLN [&hellip;]<\/p>","protected":false},"author":2,"featured_media":0,"parent":0,"menu_order":0,"comment_status":"closed","ping_status":"closed","template":"","meta":{"_acf_changed":false,"footnotes":""},"class_list":["post-196974","page","type-page","status-publish","hentry"],"acf":[],"_links":{"self":[{"href":"https:\/\/mayaflats.com\/de\/wp-json\/wp\/v2\/pages\/196974","targetHints":{"allow":["GET"]}}],"collection":[{"href":"https:\/\/mayaflats.com\/de\/wp-json\/wp\/v2\/pages"}],"about":[{"href":"https:\/\/mayaflats.com\/de\/wp-json\/wp\/v2\/types\/page"}],"author":[{"embeddable":true,"href":"https:\/\/mayaflats.com\/de\/wp-json\/wp\/v2\/users\/2"}],"replies":[{"embeddable":true,"href":"https:\/\/mayaflats.com\/de\/wp-json\/wp\/v2\/comments?post=196974"}],"version-history":[{"count":9,"href":"https:\/\/mayaflats.com\/de\/wp-json\/wp\/v2\/pages\/196974\/revisions"}],"predecessor-version":[{"id":199984,"href":"https:\/\/mayaflats.com\/de\/wp-json\/wp\/v2\/pages\/196974\/revisions\/199984"}],"wp:attachment":[{"href":"https:\/\/mayaflats.com\/de\/wp-json\/wp\/v2\/media?parent=196974"}],"curies":[{"name":"wp","href":"https:\/\/api.w.org\/{rel}","templated":true}]}}