{"id":200065,"date":"2025-10-20T19:22:19","date_gmt":"2025-10-20T19:22:19","guid":{"rendered":"https:\/\/mayaflats.com\/?page_id=200065"},"modified":"2025-12-22T07:26:31","modified_gmt":"2025-12-22T06:26:31","slug":"best-serviced-apartments","status":"publish","type":"page","link":"https:\/\/mayaflats.com\/de\/best-serviced-apartments\/","title":{"rendered":"Unsere Geschichte"},"content":{"rendered":"<div data-elementor-type=\"wp-page\" data-elementor-id=\"200065\" class=\"elementor elementor-200065\" data-elementor-post-type=\"page\">\n\t\t\t\t<div class=\"elementor-element elementor-element-21dfc46 e-flex e-con-boxed e-con e-parent\" data-id=\"21dfc46\" data-element_type=\"container\" data-settings=\"{&quot;jet_parallax_layout_list&quot;:[],&quot;background_background&quot;:&quot;classic&quot;}\">\n\t\t\t\t\t<div class=\"e-con-inner\">\n\t\t<div class=\"elementor-element elementor-element-a6aa5c2 e-con-full e-flex e-con e-child\" data-id=\"a6aa5c2\" data-element_type=\"container\" data-settings=\"{&quot;jet_parallax_layout_list&quot;:[]}\">\n\t\t\t\t<div class=\"elementor-element elementor-element-18c7033 elementor-widget elementor-widget-heading\" data-id=\"18c7033\" data-element_type=\"widget\" data-widget_type=\"heading.default\">\n\t\t\t\t<div class=\"elementor-widget-container\">\n\t\t\t\t\t<h1 class=\"elementor-heading-title elementor-size-default\">Unsere Geschichte: Der #1-Gastgeber in Danzig und Athen<\/h1>\t\t\t\t<\/div>\n\t\t\t\t<\/div>\n\t\t\t\t<\/div>\n\t\t\t\t\t<\/div>\n\t\t\t\t<\/div>\n\t\t<div class=\"elementor-element elementor-element-6d0a5b89 e-flex e-con-boxed e-con e-parent\" data-id=\"6d0a5b89\" data-element_type=\"container\" data-settings=\"{&quot;background_background&quot;:&quot;classic&quot;,&quot;jet_parallax_layout_list&quot;:[]}\">\n\t\t\t\t\t<div class=\"e-con-inner\">\n\t\t<div class=\"elementor-element elementor-element-db9ed14 e-flex e-con-boxed e-con e-child\" data-id=\"db9ed14\" data-element_type=\"container\" data-settings=\"{&quot;jet_parallax_layout_list&quot;:[]}\">\n\t\t\t\t\t<div class=\"e-con-inner\">\n\t\t\t\t<div class=\"elementor-element elementor-element-430cd0cd animated-fast elementor-invisible elementor-widget elementor-widget-heading\" data-id=\"430cd0cd\" data-element_type=\"widget\" data-settings=\"{&quot;_animation&quot;:&quot;fadeIn&quot;,&quot;_animation_delay&quot;:500}\" data-widget_type=\"heading.default\">\n\t\t\t\t<div class=\"elementor-widget-container\">\n\t\t\t\t\t<h2 class=\"elementor-heading-title elementor-size-default\">Willkommen bei Maya&#039;s Flats &amp; Resorts, Ihrem Anbieter f\u00fcr #1 Serviced Apartments in Danzig und Athen.<\/h2>\t\t\t\t<\/div>\n\t\t\t\t<\/div>\n\t\t\t\t<div class=\"elementor-element elementor-element-5099e370 animated-fast elementor-invisible elementor-widget elementor-widget-image\" data-id=\"5099e370\" data-element_type=\"widget\" data-settings=\"{&quot;_animation&quot;:&quot;fadeIn&quot;,&quot;_animation_delay&quot;:750}\" data-widget_type=\"image.default\">\n\t\t\t\t<div class=\"elementor-widget-container\">\n\t\t\t\t\t\t\t\t\t\t\t\t\t\t\t<img decoding=\"async\" src=\"https:\/\/mayaflats.com\/wp-content\/uploads\/elementor\/thumbs\/Maya-newlogo-PNG-1-rflmujnsmdudeol6pvhrlttluowj7cnlguc1620vyc.png\" title=\"Maya neues Logo PNG\" alt=\"Maya newlogo PNG\" loading=\"lazy\" \/>\t\t\t\t\t\t\t\t\t\t\t\t\t\t\t<\/div>\n\t\t\t\t<\/div>\n\t\t<div class=\"elementor-element elementor-element-71eed8ca e-grid e-con-full e-con e-child\" data-id=\"71eed8ca\" data-element_type=\"container\" data-settings=\"{&quot;jet_parallax_layout_list&quot;:[]}\">\n\t\t\t\t<div class=\"elementor-element elementor-element-6a67e1fa animated-fast elementor-invisible elementor-widget elementor-widget-text-editor\" data-id=\"6a67e1fa\" data-element_type=\"widget\" data-settings=\"{&quot;_animation&quot;:&quot;fadeIn&quot;,&quot;_animation_delay&quot;:1000}\" data-widget_type=\"text-editor.default\">\n\t\t\t\t<div class=\"elementor-widget-container\">\n\t\t\t\t\t\t\t\t\t<p>Unsere Geschichte begann vor 14 Jahren, verwurzelt in der liebevollen Erinnerung an ein bemerkenswertes junges M\u00e4dchen namens Maya, deren G\u00fcte und Tatendrang uns bis heute inspirieren. Mehr als nur ein Name \u2013 dieses Verm\u00e4chtnis leitet unser Engagement f\u00fcr au\u00dfergew\u00f6hnliche Erlebnisse. Von unseren Anf\u00e4ngen in Danzig, Polen, hat sich Maya&#039;s Flats &amp; Resorts zu Ihrem pers\u00f6nlichen Reiseveranstalter entwickelt.\u00a0<b>Vertrauensw\u00fcrdiger Gastgeber in Danzig und Athen<\/b>, Wir haben uns zum Ziel gesetzt, einen neuen, professionellen Standard f\u00fcr Serviced Apartments in ganz Europa zu etablieren. Dieses Engagement f\u00fcr Exzellenz wird vollumf\u00e4nglich unterst\u00fctzt von unseren\u00a0<b>KI-gesteuertes Framework<\/b>\u00a0Und\u00a0<b>technologische Beherrschung<\/b>, So stellen wir sicher, dass wir in unserer Branche weiterhin f\u00fchrend sind. Wir setzen uns daf\u00fcr ein, stets h\u00f6chste fachliche Kompetenz und herzlichen Service zu bieten, damit sich jeder Gast wie zu Hause f\u00fchlt, egal wohin seine Reise ihn f\u00fchrt.<\/p><h3>Das Maya-Verm\u00e4chtnis: Bereitstellung von #1 Serviced Apartments<\/h3><p data-path-to-node=\"8\">F\u00fcr unseren Gr\u00fcnder, Eyal Nir, war die Gr\u00fcndung von Maya&#039;s Flats &amp; Resorts eine Herzensangelegenheit. Vor 14 Jahren entstand die Idee dazu in liebevoller Erinnerung an seine Tochter Maya, ein bemerkenswertes junges M\u00e4dchen, dessen G\u00fcte, Lebensfreude und Neugierde bei allen, die sie kannten, einen bleibenden Eindruck hinterlie\u00dfen. Dieses Fundament bedeutet, dass unser Engagement f\u00fcr unsere G\u00e4ste weit \u00fcber die \u00fcbliche Hotelverwaltung hinausgeht.\u00a0<b>Wir investieren zwar massiv in Betriebssysteme der n\u00e4chsten Generation, um jedes Detail zu optimieren.<\/b>, Diese technologische Investition dient einem entscheidenden Zweck: Sie entlastet unsere lokalen Teams, damit diese sich ganz auf den pers\u00f6nlichen Kontakt und die individuelle Betreuung konzentrieren k\u00f6nnen. Dank dieser einzigartigen Tradition behandeln wir jedes Haus und jeden Gast mit der gleichen Aufrichtigkeit und Aufmerksamkeit, die auch Familienmitgliedern zuteilwird.<\/p><h3 data-path-to-node=\"4,2,1,0,0\"><b>14 Jahre Erfahrung im europ\u00e4ischen Gastgewerbe<\/b><\/h3><p>Seit der Er\u00f6ffnung unserer ersten Wohnung in der historischen Altstadt von Danzig haben wir uns mit Leidenschaft der Perfektionierung der Kurzzeitvermietung gewidmet. Unsere 14-j\u00e4hrige Erfahrung hat uns nicht nur fundierte Ortskenntnisse vermittelt, sondern uns auch erm\u00f6glicht, ein solides, professionelles Fundament zu schaffen, das f\u00fcr die Skalierung eines F\u00fcnf-Sterne-Erlebnisses unerl\u00e4sslich ist.<\/p>\t\t\t\t\t\t\t\t<\/div>\n\t\t\t\t<\/div>\n\t\t\t\t<div class=\"elementor-element elementor-element-2d3f8be5 animated-fast elementor-invisible elementor-widget elementor-widget-text-editor\" data-id=\"2d3f8be5\" data-element_type=\"widget\" data-settings=\"{&quot;_animation&quot;:&quot;fadeIn&quot;,&quot;_animation_delay&quot;:1000}\" data-widget_type=\"text-editor.default\">\n\t\t\t\t<div class=\"elementor-widget-container\">\n\t\t\t\t\t\t\t\t\t<p>Wir sind nicht nur Gastgeber; wir sind\u00a0<b>professionelle Gastgeber<\/b>\u00a0die Ma\u00dfst\u00e4be f\u00fcr Qualit\u00e4t, Sauberkeit und operative Exzellenz gesetzt haben. Diese Expertise, kombiniert mit unserem\u00a0<b>kontinuierliches Streben nach modernster Betriebstechnologie<\/b>, positioniert uns als f\u00fchrendes Unternehmen in der Zukunft des Kurzzeitvermietungsgesch\u00e4fts. Wir bieten einen Komplettservice an,\u00a0<b>professionelle Immobilienverwaltung<\/b>\u00a0L\u00f6sungen f\u00fcr Eigent\u00fcmer, die Zuverl\u00e4ssigkeit und Premiumrenditen suchen.<\/p><h3><strong>Von der Ostsee bis zur Akropolis: Unser globaler Standard<\/strong><\/h3><p>Unsere Expansion von der polnischen Ostseek\u00fcste bis in die sonnenverw\u00f6hnten Stra\u00dfen der Altstadt von Athen markiert das n\u00e4chste spannende Kapitel unserer Geschichte. Dieses Wachstum wird von einem einzigen Ziel angetrieben: Reisenden in ganz Europa denselben unvergleichlichen Standard an Service und Qualit\u00e4t zu bieten.\u00a0<b>Die nahtlose Kontinuit\u00e4t unseres Service, ob in Danzig oder Athen, wird durch unsere leistungsstarke KI-gest\u00fctzte Plattform gew\u00e4hrleistet.<\/b>\u00a0Dies erm\u00f6glicht es uns, einen zuverl\u00e4ssigen Service von der Buchung bis zum Check-out zu bieten und unsere Position als\u00a0<b>Vertrauensw\u00fcrdiger Gastgeber f\u00fcr Gastfreundschaft in Europa<\/b><strong>-breit.<\/strong><\/p><h3><strong>Erleben Sie den Maya-Unterschied<\/strong><\/h3><p>Wir laden Sie ein, den Unterschied zu erleben, den eine pers\u00f6nliche Tradition der Freundlichkeit und 14 Jahre Berufserfahrung \u2013 jetzt unterst\u00fctzt durch die\u00a0<b>Technologische Systeme, die das moderne Gastgewerbe pr\u00e4gen<\/b>Wir setzen h\u00f6chste Ma\u00dfst\u00e4be f\u00fcr Serviced Apartments in Danzig und Athen und sind \u00fcberzeugt, dass unsere G\u00e4ste europaweit einen wirklich vertrauensw\u00fcrdigen Gastgeber verdienen. Buchen Sie Ihren n\u00e4chsten Aufenthalt bei uns und erleben Sie, was es hei\u00dft, sich wie zu Hause zu f\u00fchlen.<\/p><p>Um unsere F\u00fchrungsposition zu behaupten und einen transparenten Service zu gew\u00e4hrleisten, \u00fcberpr\u00fcfen wir regelm\u00e4\u00dfig regulatorische \u00c4nderungen in der\u00a0<b><a class=\"ng-star-inserted\" href=\"https:\/\/en.wikipedia.org\/wiki\/Short-term_rental\" target=\"_blank\" rel=\"noopener\" data-hveid=\"0\" data-ved=\"0CAAQ_4QMahgKEwjD2JWPk62RAxUAAAAAHQAAAAAQtQo\">Europ\u00e4ische Kurzzeitvermietungsbranche<\/a><\/b>. Wenn Sie Eigent\u00fcmer sind, k\u00f6nnen Sie mehr \u00fcber unsere engagierten Dienstleistungen erfahren.\u00a0<b><a class=\"ng-star-inserted\" href=\"https:\/\/mayaflats.com\/de\/partner-with-us\/\" target=\"_blank\" rel=\"noopener\" data-hveid=\"0\" data-ved=\"0CAAQ_4QMahgKEwjD2JWPk62RAxUAAAAAHQAAAAAQtgo\">Professionelles Kurzzeitvermietungsmanagement<\/a><\/b>\u00a0Dienstleistungen auf unserer Partnerseite. Dieses Engagement f\u00fcr Fachkompetenz und Kundenservice ist der Grund, warum wir uns verpflichtet haben, Ihr Ansprechpartner f\u00fcr die folgenden Leistungen zu sein:\u00a0<b>#1 Serviced Apartments in Danzig und Athen.<\/b><\/p>\t\t\t\t\t\t\t\t<\/div>\n\t\t\t\t<\/div>\n\t\t\t\t<\/div>\n\t\t\t\t\t<\/div>\n\t\t\t\t<\/div>\n\t\t\t\t\t<\/div>\n\t\t\t\t<\/div>\n\t\t\t\t<\/div>","protected":false},"excerpt":{"rendered":"<p>Our Story: The #1 Host in Gda\u0144sk &amp; Athens Welcome to Maya\u2019s Flats &amp; Resorts, providing the\u00a0#1 Serviced Apartments\u00a0experience in Gda\u0144sk and Athens. Our story began 14 years ago, rooted in the loving memory of a remarkable young girl, Maya, whose spirit of kindness and drive continues to inspire our mission today. More than just [&hellip;]<\/p>","protected":false},"author":2,"featured_media":0,"parent":0,"menu_order":0,"comment_status":"closed","ping_status":"closed","template":"","meta":{"_acf_changed":false,"footnotes":""},"class_list":["post-200065","page","type-page","status-publish","hentry"],"acf":[],"_links":{"self":[{"href":"https:\/\/mayaflats.com\/de\/wp-json\/wp\/v2\/pages\/200065","targetHints":{"allow":["GET"]}}],"collection":[{"href":"https:\/\/mayaflats.com\/de\/wp-json\/wp\/v2\/pages"}],"about":[{"href":"https:\/\/mayaflats.com\/de\/wp-json\/wp\/v2\/types\/page"}],"author":[{"embeddable":true,"href":"https:\/\/mayaflats.com\/de\/wp-json\/wp\/v2\/users\/2"}],"replies":[{"embeddable":true,"href":"https:\/\/mayaflats.com\/de\/wp-json\/wp\/v2\/comments?post=200065"}],"version-history":[{"count":83,"href":"https:\/\/mayaflats.com\/de\/wp-json\/wp\/v2\/pages\/200065\/revisions"}],"predecessor-version":[{"id":204067,"href":"https:\/\/mayaflats.com\/de\/wp-json\/wp\/v2\/pages\/200065\/revisions\/204067"}],"wp:attachment":[{"href":"https:\/\/mayaflats.com\/de\/wp-json\/wp\/v2\/media?parent=200065"}],"curies":[{"name":"wp","href":"https:\/\/api.w.org\/{rel}","templated":true}]}}