{"id":200065,"date":"2025-10-20T19:22:19","date_gmt":"2025-10-20T19:22:19","guid":{"rendered":"https:\/\/mayaflats.com\/?page_id=200065"},"modified":"2025-12-22T07:26:31","modified_gmt":"2025-12-22T06:26:31","slug":"best-serviced-apartments","status":"publish","type":"page","link":"https:\/\/mayaflats.com\/it\/best-serviced-apartments\/","title":{"rendered":"La nostra storia"},"content":{"rendered":"<div data-elementor-type=\"wp-page\" data-elementor-id=\"200065\" class=\"elementor elementor-200065\" data-elementor-post-type=\"page\">\n\t\t\t\t<div class=\"elementor-element elementor-element-21dfc46 e-flex e-con-boxed e-con e-parent\" data-id=\"21dfc46\" data-element_type=\"container\" data-settings=\"{&quot;jet_parallax_layout_list&quot;:[],&quot;background_background&quot;:&quot;classic&quot;}\">\n\t\t\t\t\t<div class=\"e-con-inner\">\n\t\t<div class=\"elementor-element elementor-element-a6aa5c2 e-con-full e-flex e-con e-child\" data-id=\"a6aa5c2\" data-element_type=\"container\" data-settings=\"{&quot;jet_parallax_layout_list&quot;:[]}\">\n\t\t\t\t<div class=\"elementor-element elementor-element-18c7033 elementor-widget elementor-widget-heading\" data-id=\"18c7033\" data-element_type=\"widget\" data-widget_type=\"heading.default\">\n\t\t\t\t<div class=\"elementor-widget-container\">\n\t\t\t\t\t<h1 class=\"elementor-heading-title elementor-size-default\">La nostra storia: l&#039;host #1 a Danzica e Atene<\/h1>\t\t\t\t<\/div>\n\t\t\t\t<\/div>\n\t\t\t\t<\/div>\n\t\t\t\t\t<\/div>\n\t\t\t\t<\/div>\n\t\t<div class=\"elementor-element elementor-element-6d0a5b89 e-flex e-con-boxed e-con e-parent\" data-id=\"6d0a5b89\" data-element_type=\"container\" data-settings=\"{&quot;background_background&quot;:&quot;classic&quot;,&quot;jet_parallax_layout_list&quot;:[]}\">\n\t\t\t\t\t<div class=\"e-con-inner\">\n\t\t<div class=\"elementor-element elementor-element-db9ed14 e-flex e-con-boxed e-con e-child\" data-id=\"db9ed14\" data-element_type=\"container\" data-settings=\"{&quot;jet_parallax_layout_list&quot;:[]}\">\n\t\t\t\t\t<div class=\"e-con-inner\">\n\t\t\t\t<div class=\"elementor-element elementor-element-430cd0cd animated-fast elementor-invisible elementor-widget elementor-widget-heading\" data-id=\"430cd0cd\" data-element_type=\"widget\" data-settings=\"{&quot;_animation&quot;:&quot;fadeIn&quot;,&quot;_animation_delay&quot;:500}\" data-widget_type=\"heading.default\">\n\t\t\t\t<div class=\"elementor-widget-container\">\n\t\t\t\t\t<h2 class=\"elementor-heading-title elementor-size-default\">Benvenuti al Maya&#039;s Flats &amp; Resorts, che offre l&#039;esperienza degli appartamenti con servizi #1 a Danzica e Atene.<\/h2>\t\t\t\t<\/div>\n\t\t\t\t<\/div>\n\t\t\t\t<div class=\"elementor-element elementor-element-5099e370 animated-fast elementor-invisible elementor-widget elementor-widget-image\" data-id=\"5099e370\" data-element_type=\"widget\" data-settings=\"{&quot;_animation&quot;:&quot;fadeIn&quot;,&quot;_animation_delay&quot;:750}\" data-widget_type=\"image.default\">\n\t\t\t\t<div class=\"elementor-widget-container\">\n\t\t\t\t\t\t\t\t\t\t\t\t\t\t\t<img decoding=\"async\" src=\"https:\/\/mayaflats.com\/wp-content\/uploads\/elementor\/thumbs\/Maya-newlogo-PNG-1-rflmujnsmdudeol6pvhrlttluowj7cnlguc1620vyc.png\" title=\"Maya nuovo logo PNG\" alt=\"Maya newlogo PNG\" loading=\"lazy\" \/>\t\t\t\t\t\t\t\t\t\t\t\t\t\t\t<\/div>\n\t\t\t\t<\/div>\n\t\t<div class=\"elementor-element elementor-element-71eed8ca e-grid e-con-full e-con e-child\" data-id=\"71eed8ca\" data-element_type=\"container\" data-settings=\"{&quot;jet_parallax_layout_list&quot;:[]}\">\n\t\t\t\t<div class=\"elementor-element elementor-element-6a67e1fa animated-fast elementor-invisible elementor-widget elementor-widget-text-editor\" data-id=\"6a67e1fa\" data-element_type=\"widget\" data-settings=\"{&quot;_animation&quot;:&quot;fadeIn&quot;,&quot;_animation_delay&quot;:1000}\" data-widget_type=\"text-editor.default\">\n\t\t\t\t<div class=\"elementor-widget-container\">\n\t\t\t\t\t\t\t\t\t<p>La nostra storia \u00e8 iniziata 14 anni fa, radicata nel ricordo amorevole di una ragazza straordinaria, Maya, il cui spirito di gentilezza e determinazione continua a ispirare la nostra missione ancora oggi. Pi\u00f9 di un semplice nome, questa eredit\u00e0 guida il nostro impegno nell&#039;offrire esperienze eccezionali. Dai nostri inizi a Danzica, in Polonia, Maya&#039;s Flats &amp; Resorts \u00e8 cresciuta fino a diventare il vostro\u00a0<b>host di fiducia per l&#039;ospitalit\u00e0 a Danzica e Atene<\/b>, dedicato a stabilire un nuovo standard professionale per gli appartamenti con servizi in tutta Europa. Questo impegno verso l&#039;eccellenza \u00e8 pienamente supportato dal nostro\u00a0<b>Framework basato sull&#039;intelligenza artificiale<\/b>\u00a0E\u00a0<b>padronanza tecnologica<\/b>, garantendoci di rimanere all&#039;avanguardia nel settore. Ci impegniamo a mantenere il massimo livello di gestione competente e un servizio cordiale, assicurando che ogni ospite senta il calore di casa, ovunque il suo viaggio lo porti.<\/p><h3>L&#039;eredit\u00e0 Maya: fornitura di appartamenti con servizi #1<\/h3><p data-path-to-node=\"8\">Per il nostro fondatore, Eyal Nir, la fondazione di Maya&#039;s Flats &amp; Resorts \u00e8 stata una missione profondamente personale. \u00c8 stata concepita 14 anni fa in amorevole ricordo di sua figlia Maya, una ragazza straordinaria la cui gentilezza, spirito e curiosit\u00e0 hanno lasciato un segno indelebile in tutti coloro che l&#039;hanno conosciuta. Questa fondazione significa che il nostro impegno nei confronti dei nostri ospiti va ben oltre la tipica gestione immobiliare.\u00a0<b>Mentre investiamo molto nei sistemi operativi di nuova generazione per ottimizzare ogni dettaglio<\/b>, Questo investimento tecnologico ha uno scopo fondamentale: liberare i nostri team locali per concentrarsi sul rapporto umano e sulla cura. Questa tradizione unica ci garantisce di trattare ogni struttura e ogni ospite con la sincerit\u00e0 e l&#039;attenzione riservate alle famiglie.<\/p><h3 data-path-to-node=\"4,2,1,0,0\"><b>14 anni di esperienza nell&#039;ospitalit\u00e0 europea<\/b><\/h3><p>Fin dall&#039;apertura del nostro primo appartamento nel centro storico di Danzica, ci siamo dedicati con passione a perfezionare l&#039;arte della gestione degli affitti a breve termine. I nostri 14 anni di esperienza non solo ci hanno fornito una profonda conoscenza del territorio, ma ci hanno anche permesso di sviluppare la solida struttura professionale necessaria per offrire un&#039;esperienza a cinque stelle.<\/p>\t\t\t\t\t\t\t\t<\/div>\n\t\t\t\t<\/div>\n\t\t\t\t<div class=\"elementor-element elementor-element-2d3f8be5 animated-fast elementor-invisible elementor-widget elementor-widget-text-editor\" data-id=\"2d3f8be5\" data-element_type=\"widget\" data-settings=\"{&quot;_animation&quot;:&quot;fadeIn&quot;,&quot;_animation_delay&quot;:1000}\" data-widget_type=\"text-editor.default\">\n\t\t\t\t<div class=\"elementor-widget-container\">\n\t\t\t\t\t\t\t\t\t<p>Non siamo solo host; siamo\u00a0<b>host professionisti dell&#039;ospitalit\u00e0<\/b>\u00a0che hanno stabilito il punto di riferimento per qualit\u00e0, pulizia ed eccellenza operativa. Questa competenza, combinata con la nostra\u00a0<b>ricerca continua di tecnologie operative all&#039;avanguardia<\/b>, ci posiziona come leader nel futuro del settore degli affitti a breve termine. Offriamo un servizio completo,\u00a0<b>gestione immobiliare esperta<\/b>\u00a0soluzioni per i proprietari che cercano affidabilit\u00e0 e rendimenti elevati.<\/p><h3><strong>Dal Baltico all&#039;Acropoli: il nostro standard globale<\/strong><\/h3><p>La nostra espansione dalla costa baltica della Polonia alle antiche e assolate strade di Atene segna il prossimo entusiasmante capitolo della nostra storia. Questa crescita \u00e8 guidata da un obiettivo unico: garantire ai viaggiatori di tutta Europa lo stesso impareggiabile standard di assistenza e qualit\u00e0.\u00a0<b>La perfetta coerenza del nostro servizio, sia a Danzica che ad Atene, \u00e8 garantita dalla nostra potente piattaforma basata sull&#039;intelligenza artificiale.<\/b>\u00a0Ci\u00f2 ci consente di fornire un servizio affidabile dalla prenotazione al checkout, confermando la nostra posizione di\u00a0<b>host di ospitalit\u00e0 di fiducia in Europa<\/b><strong>-Largo.<\/strong><\/p><h3><strong>Scopri la differenza Maya<\/strong><\/h3><p>Vi invitiamo a sperimentare la differenza che un&#039;eredit\u00e0 personale di gentilezza e 14 anni di esperienza professionale, ora supportata da\u00a0<b>sistemi tecnologici che definiscono l&#039;ospitalit\u00e0 moderna<\/b>\u2014pu\u00f2 fare. Definiamo gli standard pi\u00f9 elevati per gli appartamenti con servizi a Danzica e Atene e crediamo che i nostri ospiti meritino un&#039;ospitalit\u00e0 di fiducia in tutta Europa. Prenota il tuo prossimo soggiorno con noi e scopri il vero significato di casa.<\/p><p>Per mantenere la nostra posizione di leadership e garantire un servizio trasparente, esaminiamo regolarmente le modifiche normative nel\u00a0<b><a class=\"ng-star-inserted\" href=\"https:\/\/en.wikipedia.org\/wiki\/Short-term_rental\" target=\"_blank\" rel=\"noopener\" data-hveid=\"0\" data-ved=\"0CAAQ_4QMahgKEwjD2JWPk62RAxUAAAAAHQAAAAAQtQo\">Industria europea degli affitti a breve termine<\/a><\/b>. Se sei un proprietario, puoi scoprire di pi\u00f9 sul nostro dedicato\u00a0<b><a class=\"ng-star-inserted\" href=\"https:\/\/mayaflats.com\/it\/partner-with-us\/\" target=\"_blank\" rel=\"noopener\" data-hveid=\"0\" data-ved=\"0CAAQ_4QMahgKEwjD2JWPk62RAxUAAAAAHQAAAAAQtgo\">Gestione professionale degli affitti a breve termine<\/a><\/b>\u00a0servizi sulla nostra pagina di partnership. Questa dedizione alla competenza e al servizio clienti \u00e8 il motivo per cui ci impegniamo a essere la tua fonte per\u00a0<b>Appartamenti con servizi #1 a Danzica e Atene.<\/b><\/p>\t\t\t\t\t\t\t\t<\/div>\n\t\t\t\t<\/div>\n\t\t\t\t<\/div>\n\t\t\t\t\t<\/div>\n\t\t\t\t<\/div>\n\t\t\t\t\t<\/div>\n\t\t\t\t<\/div>\n\t\t\t\t<\/div>","protected":false},"excerpt":{"rendered":"<p>Our Story: The #1 Host in Gda\u0144sk &amp; Athens Welcome to Maya\u2019s Flats &amp; Resorts, providing the\u00a0#1 Serviced Apartments\u00a0experience in Gda\u0144sk and Athens. Our story began 14 years ago, rooted in the loving memory of a remarkable young girl, Maya, whose spirit of kindness and drive continues to inspire our mission today. More than just [&hellip;]<\/p>","protected":false},"author":2,"featured_media":0,"parent":0,"menu_order":0,"comment_status":"closed","ping_status":"closed","template":"","meta":{"_acf_changed":false,"footnotes":""},"class_list":["post-200065","page","type-page","status-publish","hentry"],"acf":[],"_links":{"self":[{"href":"https:\/\/mayaflats.com\/it\/wp-json\/wp\/v2\/pages\/200065","targetHints":{"allow":["GET"]}}],"collection":[{"href":"https:\/\/mayaflats.com\/it\/wp-json\/wp\/v2\/pages"}],"about":[{"href":"https:\/\/mayaflats.com\/it\/wp-json\/wp\/v2\/types\/page"}],"author":[{"embeddable":true,"href":"https:\/\/mayaflats.com\/it\/wp-json\/wp\/v2\/users\/2"}],"replies":[{"embeddable":true,"href":"https:\/\/mayaflats.com\/it\/wp-json\/wp\/v2\/comments?post=200065"}],"version-history":[{"count":83,"href":"https:\/\/mayaflats.com\/it\/wp-json\/wp\/v2\/pages\/200065\/revisions"}],"predecessor-version":[{"id":204067,"href":"https:\/\/mayaflats.com\/it\/wp-json\/wp\/v2\/pages\/200065\/revisions\/204067"}],"wp:attachment":[{"href":"https:\/\/mayaflats.com\/it\/wp-json\/wp\/v2\/media?parent=200065"}],"curies":[{"name":"wp","href":"https:\/\/api.w.org\/{rel}","templated":true}]}}