{"id":196974,"date":"2024-11-20T11:06:56","date_gmt":"2024-11-20T11:06:56","guid":{"rendered":"https:\/\/mayaflats.com\/?page_id=196974"},"modified":"2025-10-16T16:24:05","modified_gmt":"2025-10-16T16:24:05","slug":"terms-and-conditions","status":"publish","type":"page","link":"https:\/\/mayaflats.com\/pl\/terms-and-conditions\/","title":{"rendered":"Warunki korzystania z serwisu"},"content":{"rendered":"<div data-elementor-type=\"wp-page\" data-elementor-id=\"196974\" class=\"elementor elementor-196974\" data-elementor-post-type=\"page\">\n\t\t\t\t<div class=\"elementor-element elementor-element-ca63423 e-flex e-con-boxed e-con e-parent\" data-id=\"ca63423\" data-element_type=\"container\" data-settings=\"{&quot;jet_parallax_layout_list&quot;:[],&quot;background_background&quot;:&quot;classic&quot;}\">\n\t\t\t\t\t<div class=\"e-con-inner\">\n\t\t<div class=\"elementor-element elementor-element-633b4ca e-con-full e-flex e-con e-child\" data-id=\"633b4ca\" data-element_type=\"container\" data-settings=\"{&quot;jet_parallax_layout_list&quot;:[]}\">\n\t\t\t\t<div class=\"elementor-element elementor-element-96c2567 elementor-widget elementor-widget-heading\" data-id=\"96c2567\" data-element_type=\"widget\" data-widget_type=\"heading.default\">\n\t\t\t\t<div class=\"elementor-widget-container\">\n\t\t\t\t\t<h1 class=\"elementor-heading-title elementor-size-default\">Zasady i regulamin domu<\/h1>\t\t\t\t<\/div>\n\t\t\t\t<\/div>\n\t\t\t\t<\/div>\n\t\t\t\t\t<\/div>\n\t\t\t\t<\/div>\n\t\t\t\t<section class=\"elementor-section elementor-top-section elementor-element elementor-element-6e5edd4 elementor-section-boxed elementor-section-height-default elementor-section-height-default\" data-id=\"6e5edd4\" data-element_type=\"section\" data-settings=\"{&quot;jet_parallax_layout_list&quot;:[],&quot;background_background&quot;:&quot;classic&quot;}\">\n\t\t\t\t\t\t<div class=\"elementor-container elementor-column-gap-default\">\n\t\t\t\t\t<div class=\"elementor-column elementor-col-100 elementor-top-column elementor-element elementor-element-f2b9411\" data-id=\"f2b9411\" data-element_type=\"column\">\n\t\t\t<div class=\"elementor-widget-wrap elementor-element-populated\">\n\t\t\t\t\t\t<div class=\"elementor-element elementor-element-91ced21 elementor-widget elementor-widget-text-editor\" data-id=\"91ced21\" data-element_type=\"widget\" data-widget_type=\"text-editor.default\">\n\t\t\t\t<div class=\"elementor-widget-container\">\n\t\t\t\t\t\t\t\t\t<h2 data-start=\"97\" data-end=\"139\"><strong data-start=\"100\" data-end=\"139\">Maya Flats \u2013 Zasady i regulamin domu<\/strong><\/h2><p data-start=\"141\" data-end=\"256\"><strong data-start=\"141\" data-end=\"151\">Marka:<\/strong> Maya Flats &amp; Resorts (Maya Holdings &amp; Services Sp. z oo)<br data-start=\"210\" data-end=\"213\" \/><strong data-start=\"213\" data-end=\"238\">Konsjer\u017c (WhatsApp):<\/strong>\u00a0<strong style=\"background-color: inherit; letter-spacing: inherit;\" data-start=\"4308\" data-end=\"4338\"><a href=\"https:\/\/wa.me\/48884828718\" target=\"_blank\" rel=\"noopener\">+48 884 828 718<\/a>.<\/strong><\/p><hr data-start=\"258\" data-end=\"261\" \/><h3 data-start=\"263\" data-end=\"293\"><strong data-start=\"267\" data-end=\"293\">1. Stawki, podatki i op\u0142aty<\/strong><\/h3><ul data-start=\"294\" data-end=\"556\"><li data-start=\"294\" data-end=\"401\"><p data-start=\"296\" data-end=\"401\"><strong data-start=\"296\" data-end=\"309\">Podatek miejski:<\/strong> 3,31 z\u0142 za osob\u0119 za noc \u2014 doliczana do ca\u0142kowitej kwoty rezerwacji zgodnie z wymogami prawa lokalnego.<\/p><\/li><li data-start=\"402\" data-end=\"496\"><p data-start=\"404\" data-end=\"496\"><strong data-start=\"404\" data-end=\"421\">Op\u0142ata za sprz\u0105tanie:<\/strong> 359 z\u0142 za pobyt (w cenie profesjonalne sprz\u0105tanie i przygotowanie po\u015bcieli).<\/p><\/li><li data-start=\"497\" data-end=\"556\"><p data-start=\"499\" data-end=\"556\"><strong data-start=\"499\" data-end=\"512\">Do\u0142\u0105czony:<\/strong> Wi-Fi, media, po\u015bciel i inne niezb\u0119dne rzeczy.<\/p><\/li><\/ul><hr data-start=\"558\" data-end=\"561\" \/><h3 data-start=\"563\" data-end=\"592\"><strong data-start=\"567\" data-end=\"592\">2. P\u0142atno\u015bci i depozyty<\/strong><\/h3><ul data-start=\"593\" data-end=\"919\"><li data-start=\"593\" data-end=\"687\"><p data-start=\"595\" data-end=\"687\"><strong data-start=\"595\" data-end=\"607\">Zap\u0142ata:<\/strong> O ile nie uzgodniono inaczej, w celu potwierdzenia rezerwacji wymagana jest pe\u0142na zap\u0142ata.<\/p><\/li><li data-start=\"688\" data-end=\"919\"><p data-start=\"690\" data-end=\"919\"><strong data-start=\"690\" data-end=\"731\">Kaucja \/ Autoryzacja wst\u0119pna:<\/strong> Zwrotna rezerwacja <strong data-start=\"753\" data-end=\"770\">800\u20131500 z\u0142<\/strong> mo\u017ce zosta\u0107 doliczona do Twojej karty przed przyjazdem w celu pokrycia koszt\u00f3w dodatkowych.<br data-start=\"834\" data-end=\"837\" \/>Tw\u00f3j bank zwolni \u015brodki w ci\u0105gu <strong data-start=\"879\" data-end=\"901\">5\u201310 dni roboczych<\/strong> po dokonaniu zakupu.<\/p><\/li><\/ul><hr data-start=\"921\" data-end=\"924\" \/><h3 data-start=\"926\" data-end=\"959\"><strong data-start=\"930\" data-end=\"959\">3. Anulowanie i zwroty<\/strong><\/h3><ul data-start=\"960\" data-end=\"1239\"><li data-start=\"960\" data-end=\"1020\"><p data-start=\"962\" data-end=\"1020\"><strong data-start=\"962\" data-end=\"998\">Anuluj \u2265 14 dni przed przyjazdem:<\/strong> Pe\u0142ny zwrot pieni\u0119dzy (100%).<\/p><\/li><li data-start=\"1021\" data-end=\"1119\"><p data-start=\"1023\" data-end=\"1119\"><strong data-start=\"1023\" data-end=\"1059\">Anuluj &lt; 14 dni przed przyjazdem:<\/strong> Zwrot 20% ca\u0142kowitej warto\u015bci rezerwacji (80% op\u0142ata za anulowanie).<\/p><\/li><li data-start=\"1120\" data-end=\"1152\"><p data-start=\"1122\" data-end=\"1152\"><strong data-start=\"1122\" data-end=\"1134\">Nieobecno\u015b\u0107:<\/strong> Nie podlega zwrotowi.<\/p><\/li><li data-start=\"1153\" data-end=\"1239\"><p data-start=\"1155\" data-end=\"1239\"><strong data-start=\"1155\" data-end=\"1167\">Zwroty:<\/strong> Przetworzone w ci\u0105gu <strong data-start=\"1185\" data-end=\"1207\">7\u201314 dni roboczych<\/strong> na Twoje konto bankowe lub kart\u0119.<\/p><\/li><\/ul><hr data-start=\"1241\" data-end=\"1244\" \/><h3 data-start=\"1246\" data-end=\"1277\"><strong data-start=\"1250\" data-end=\"1277\">4. Zameldowanie i wymeldowanie<\/strong><\/h3><ul data-start=\"1278\" data-end=\"1477\"><li data-start=\"1278\" data-end=\"1306\"><p data-start=\"1280\" data-end=\"1306\"><strong data-start=\"1280\" data-end=\"1293\">Zameldowa\u0107 si\u0119:<\/strong> Od 15:00<\/p><\/li><li data-start=\"1307\" data-end=\"1334\"><p data-start=\"1309\" data-end=\"1334\"><strong data-start=\"1309\" data-end=\"1323\">Wymeldowa\u0107 si\u0119:<\/strong> Do 11:00<\/p><\/li><li data-start=\"1335\" data-end=\"1477\"><p data-start=\"1337\" data-end=\"1477\"><strong data-start=\"1337\" data-end=\"1373\">Wczesne zameldowanie \/ P\u00f3\u017ane wymeldowanie:<\/strong> Dost\u0119pne w miar\u0119 mo\u017cliwo\u015bci. Prosimy o wcze\u015bniejsze uzgodnienie \u2013 nie pobieramy dodatkowych op\u0142at za t\u0119 us\u0142ug\u0119.<\/p><\/li><\/ul><hr data-start=\"1479\" data-end=\"1482\" \/><h3 data-start=\"1484\" data-end=\"1521\"><strong data-start=\"1488\" data-end=\"1521\">5. Identyfikacja i zaj\u0119to\u015b\u0107<\/strong><\/h3><ul data-start=\"1522\" data-end=\"1801\"><li data-start=\"1522\" data-end=\"1641\"><p data-start=\"1524\" data-end=\"1641\"><strong data-start=\"1524\" data-end=\"1537\">ID go\u015bcia:<\/strong> Od g\u0142\u00f3wnego go\u015bcia (oraz wszystkich doros\u0142ych, je\u015bli o to poprosz\u0105) mo\u017ce by\u0107 wymagane okazanie wa\u017cnego dokumentu to\u017csamo\u015bci ze zdj\u0119ciem, wydanego przez organ rz\u0105dowy.<\/p><\/li><li data-start=\"1642\" data-end=\"1686\"><p data-start=\"1644\" data-end=\"1686\"><strong data-start=\"1644\" data-end=\"1660\">Minimalny wiek:<\/strong> 18+ dla go\u015bcia g\u0142\u00f3wnego.<\/p><\/li><li data-start=\"1687\" data-end=\"1801\"><p data-start=\"1689\" data-end=\"1801\"><strong data-start=\"1689\" data-end=\"1703\">Okupacja:<\/strong> Liczba miejsc ograniczona do liczby go\u015bci podanej w rezerwacji. Dodatkowe osoby wymagaj\u0105 wcze\u015bniejszej zgody.<\/p><\/li><\/ul><hr data-start=\"1803\" data-end=\"1806\" \/><h3 data-start=\"1808\" data-end=\"1830\"><strong data-start=\"1812\" data-end=\"1830\">6. Zasady domowe<\/strong><\/h3><ul data-start=\"1831\" data-end=\"2257\"><li data-start=\"1831\" data-end=\"1901\"><p data-start=\"1833\" data-end=\"1901\"><strong data-start=\"1833\" data-end=\"1848\">Zakaz palenia:<\/strong> Wewn\u0105trz apartament\u00f3w (tylko w wyznaczonych obszarach zewn\u0119trznych).<\/p><\/li><li data-start=\"1902\" data-end=\"1937\"><p data-start=\"1904\" data-end=\"1937\"><strong data-start=\"1904\" data-end=\"1920\">Ciche godziny:<\/strong> 22:00 \u2013 07:00.<\/p><\/li><li data-start=\"1938\" data-end=\"2053\"><p data-start=\"1940\" data-end=\"2053\"><strong data-start=\"1940\" data-end=\"1949\">Zwierz\u0119ta domowe:<\/strong> Zapraszamy do wybranych apartament\u00f3w po uprzednim uzyskaniu zgody. Prosimy o potwierdzenie rozmiaru, rasy i statusu szczepie\u0144.<\/p><\/li><li data-start=\"2054\" data-end=\"2164\"><p data-start=\"2056\" data-end=\"2164\"><strong data-start=\"2056\" data-end=\"2077\">Imprezy i wydarzenia:<\/strong> Dozwolone tylko po uprzednim uzyskaniu zgody. Nale\u017cy przestrzega\u0107 przepis\u00f3w budowlanych i ciszy nocnej.<\/p><\/li><li data-start=\"2165\" data-end=\"2257\"><p data-start=\"2167\" data-end=\"2257\"><strong data-start=\"2167\" data-end=\"2194\">Szanuj swoich s\u0105siad\u00f3w:<\/strong> Utrzymuj porz\u0105dek w cz\u0119\u015bciach wsp\u00f3lnych i zachowuj rozs\u0105dny poziom ha\u0142asu.<\/p><\/li><\/ul><hr data-start=\"2259\" data-end=\"2262\" \/><h3 data-start=\"2264\" data-end=\"2295\"><strong data-start=\"2268\" data-end=\"2295\">7. Zwierz\u0119ta domowe \u2013 za zgod\u0105<\/strong><\/h3><ul data-start=\"2296\" data-end=\"2567\"><li data-start=\"2296\" data-end=\"2345\"><p data-start=\"2298\" data-end=\"2345\">Potwierd\u017a przynajmniej <strong data-start=\"2315\" data-end=\"2343\">48 godzin przed przyjazdem.<\/strong><\/p><\/li><li data-start=\"2346\" data-end=\"2420\"><p data-start=\"2348\" data-end=\"2420\">Trzymaj zwierz\u0119ta <strong data-start=\"2358\" data-end=\"2385\">na smyczy w miejscach wsp\u00f3lnych<\/strong> I <strong data-start=\"2390\" data-end=\"2418\">z mebli\/po\u015bcieli.<\/strong><\/p><\/li><li data-start=\"2421\" data-end=\"2481\"><p data-start=\"2423\" data-end=\"2481\">Zwierz\u0119ta nie powinny by\u0107 pozostawiane bez opieki, chyba \u017ce s\u0105 bezpiecznie umieszczone w klatce.<\/p><\/li><li data-start=\"2482\" data-end=\"2567\"><p data-start=\"2484\" data-end=\"2567\">Go\u015bcie odpowiadaj\u0105 za wszelkie szkody, sprz\u0105tanie lub zak\u0142\u00f3cenia spowodowane przez zwierz\u0119ta.<\/p><\/li><\/ul><hr data-start=\"2569\" data-end=\"2572\" \/><h3 data-start=\"2574\" data-end=\"2620\"><strong data-start=\"2578\" data-end=\"2620\">8. Wydarzenia i spotkania \u2013 za zgod\u0105<\/strong><\/h3><ul data-start=\"2621\" data-end=\"2872\"><li data-start=\"2621\" data-end=\"2700\"><p data-start=\"2623\" data-end=\"2700\">Nale\u017cy zg\u0142osi\u0107 si\u0119 z wyprzedzeniem <strong data-start=\"2657\" data-end=\"2698\">szczeg\u00f3\u0142y dotycz\u0105ce rozmiaru, czasu i celu.<\/strong><\/p><\/li><li data-start=\"2701\" data-end=\"2754\"><p data-start=\"2703\" data-end=\"2754\">Przestrzegaj ogranicze\u0144 obowi\u0105zuj\u0105cych w budynku (cisza nocna, ob\u0142o\u017cenie).<\/p><\/li><li data-start=\"2755\" data-end=\"2801\"><p data-start=\"2757\" data-end=\"2801\">Brak zachowa\u0144 zak\u0142\u00f3caj\u0105cych spok\u00f3j i nadmiernego ha\u0142asu.<\/p><\/li><li data-start=\"2802\" data-end=\"2872\"><p data-start=\"2804\" data-end=\"2872\">Dodatkowe sprz\u0105tanie i usuwanie szk\u00f3d powsta\u0142ych w wyniku imprez b\u0119d\u0105 rozliczane wed\u0142ug koszt\u00f3w.<\/p><\/li><\/ul><hr data-start=\"2874\" data-end=\"2877\" \/><h3 data-start=\"2879\" data-end=\"2914\"><strong data-start=\"2883\" data-end=\"2914\">9. Uszkodzenia i dodatkowe czyszczenie<\/strong><\/h3><ul data-start=\"2915\" data-end=\"3217\"><li data-start=\"2915\" data-end=\"2987\"><p data-start=\"2917\" data-end=\"2987\">Ten <strong data-start=\"2921\" data-end=\"2935\">g\u0142\u00f3wny go\u015b\u0107<\/strong> jest odpowiedzialny za apartament w trakcie pobytu.<\/p><\/li><li data-start=\"2988\" data-end=\"3061\"><p data-start=\"2990\" data-end=\"3061\">Prosz\u0119 <strong data-start=\"2997\" data-end=\"3027\">natychmiast zg\u0142o\u015b szkody<\/strong> aby\u015bmy mogli szybko na nie odpowiedzie\u0107.<\/p><\/li><li data-start=\"3062\" data-end=\"3217\"><p data-start=\"3064\" data-end=\"3217\">Op\u0142aty dotycz\u0105 wy\u0142\u0105cznie rzeczywistych koszt\u00f3w naprawy\/wymiany lub <strong data-start=\"3122\" data-end=\"3158\">dodatkowe czyszczenie poza normalnym u\u017cytkowaniem<\/strong> (np. dym, silne plamy, brokat\/konfetti, sier\u015b\u0107 zwierz\u0105t).<\/p><\/li><\/ul><p data-start=\"3219\" data-end=\"3241\"><strong data-start=\"3219\" data-end=\"3239\">Typowe op\u0142aty:<\/strong><\/p><ul data-start=\"3242\" data-end=\"3386\"><li data-start=\"3242\" data-end=\"3292\"><p data-start=\"3244\" data-end=\"3292\">Zgubiony klucz\/pilot: 150\u2013400 z\u0142 (w zale\u017cno\u015bci od budynku)<\/p><\/li><li data-start=\"3293\" data-end=\"3342\"><p data-start=\"3295\" data-end=\"3342\">Wizyta \u015blusarza (b\u0142\u0105d go\u015bcia): 250\u2013500 z\u0142<\/p><\/li><li data-start=\"3343\" data-end=\"3386\"><p data-start=\"3345\" data-end=\"3386\">Dodatkowe sprz\u0105tanie (je\u015bli potrzebne): 200\u2013600 z\u0142<\/p><\/li><\/ul><hr data-start=\"3388\" data-end=\"3391\" \/><h3 data-start=\"3393\" data-end=\"3425\"><strong data-start=\"3397\" data-end=\"3425\">10. Konserwacja i bezpiecze\u0144stwo<\/strong><\/h3><ul data-start=\"3426\" data-end=\"3628\"><li data-start=\"3426\" data-end=\"3542\"><p data-start=\"3428\" data-end=\"3542\">Pracownicy Maya Flats mog\u0105 wej\u015b\u0107 do apartamentu <strong data-start=\"3469\" data-end=\"3492\">tylko wtedy, gdy jest to konieczne<\/strong> (konserwacja, sytuacje awaryjne lub wzgl\u0119dy bezpiecze\u0144stwa).<\/p><\/li><li data-start=\"3543\" data-end=\"3628\"><p data-start=\"3545\" data-end=\"3628\">Urz\u0105dzenia bezpiecze\u0144stwa (np. czujniki dymu, drzwi przeciwpo\u017carowe) <strong data-start=\"3596\" data-end=\"3626\">nie wolno manipulowa\u0107.<\/strong><\/p><\/li><\/ul><hr data-start=\"3630\" data-end=\"3633\" \/><h3 data-start=\"3635\" data-end=\"3667\"><strong data-start=\"3639\" data-end=\"3667\">11. Sprz\u0105tanie podczas pobytu<\/strong><\/h3><ul data-start=\"3668\" data-end=\"3796\"><li data-start=\"3668\" data-end=\"3730\"><p data-start=\"3670\" data-end=\"3730\">Apartamenty s\u0105 profesjonalnie sprz\u0105tane <strong data-start=\"3708\" data-end=\"3728\">po ka\u017cdym pobycie.<\/strong><\/p><\/li><li data-start=\"3731\" data-end=\"3796\"><p data-start=\"3733\" data-end=\"3796\">Dost\u0119pne s\u0105 dodatkowe us\u0142ugi sprz\u0105tania i zmiany po\u015bcieli <strong data-start=\"3779\" data-end=\"3794\">na \u017cyczenie.<\/strong><\/p><\/li><\/ul><hr data-start=\"3798\" data-end=\"3801\" \/><h3 data-start=\"3803\" data-end=\"3827\"><strong data-start=\"3807\" data-end=\"3827\">12. Biuro rzeczy znalezionych<\/strong><\/h3><ul data-start=\"3828\" data-end=\"3951\"><li data-start=\"3828\" data-end=\"3865\"><p data-start=\"3830\" data-end=\"3865\">Przedmioty s\u0105 przechowywane dla <strong data-start=\"3851\" data-end=\"3863\">14 dni.<\/strong><\/p><\/li><li data-start=\"3866\" data-end=\"3951\"><p data-start=\"3868\" data-end=\"3951\">Na \u017cyczenie mo\u017cemy dokona\u0107 zwrotu towaru \u2014 koszty przesy\u0142ki pokrywa go\u015b\u0107.<\/p><\/li><\/ul><hr data-start=\"3953\" data-end=\"3956\" \/><h3 data-start=\"3958\" data-end=\"3998\"><strong data-start=\"3962\" data-end=\"3998\">13. Wcze\u015bniejszy wyjazd\/przeprowadzka<\/strong><\/h3><ul data-start=\"3999\" data-end=\"4201\"><li data-start=\"3999\" data-end=\"4064\"><p data-start=\"4001\" data-end=\"4064\"><strong data-start=\"4001\" data-end=\"4018\">Niewykorzystane noce<\/strong> nie podlegaj\u0105 zwrotowi po rozpocz\u0119ciu pobytu.<\/p><\/li><li data-start=\"4065\" data-end=\"4201\"><p data-start=\"4067\" data-end=\"4201\">W rzadkich przypadkach niedost\u0119pno\u015bci Maya Flats zapewni <strong data-start=\"4126\" data-end=\"4162\">por\u00f3wnywalne lub ulepszone mieszkanie<\/strong> lub zaoferuj zwrot pieni\u0119dzy za niewykorzystane noce.<\/p><\/li><\/ul><hr data-start=\"4203\" data-end=\"4206\" \/><h3 data-start=\"4208\" data-end=\"4243\"><strong data-start=\"4212\" data-end=\"4243\">14. Komunikacja i wsparcie<\/strong><\/h3><p data-start=\"4244\" data-end=\"4340\">W celu uzyskania pomocy lub lokalnych rekomendacji skontaktuj si\u0119 z nami w dowolnym momencie za po\u015brednictwem <strong data-start=\"4308\" data-end=\"4338\">WhatsApp: <a href=\"https:\/\/wa.me\/48884828718\" target=\"_blank\" rel=\"noopener\">+48 884 828 718<\/a>.<\/strong><\/p>\t\t\t\t\t\t\t\t<\/div>\n\t\t\t\t<\/div>\n\t\t\t\t\t<\/div>\n\t\t<\/div>\n\t\t\t\t\t<\/div>\n\t\t<\/section>\n\t\t\t\t<\/div>","protected":false},"excerpt":{"rendered":"<p>Policies &amp; House Rules Maya Flats \u2013 Policies &amp; House Rules Brand: Maya Flats &amp; Resorts (Maya Holdings &amp; Services Sp. z o.o.)Concierge (WhatsApp):\u00a0+48 884 828 718. 1. Rates, Taxes &amp; Fees City Tax: 3.31 PLN per person, per night \u2014 added to the reservation total as required by local law. Cleaning Fee: 359 PLN [&hellip;]<\/p>","protected":false},"author":2,"featured_media":0,"parent":0,"menu_order":0,"comment_status":"closed","ping_status":"closed","template":"","meta":{"_acf_changed":false,"footnotes":""},"class_list":["post-196974","page","type-page","status-publish","hentry"],"acf":[],"_links":{"self":[{"href":"https:\/\/mayaflats.com\/pl\/wp-json\/wp\/v2\/pages\/196974","targetHints":{"allow":["GET"]}}],"collection":[{"href":"https:\/\/mayaflats.com\/pl\/wp-json\/wp\/v2\/pages"}],"about":[{"href":"https:\/\/mayaflats.com\/pl\/wp-json\/wp\/v2\/types\/page"}],"author":[{"embeddable":true,"href":"https:\/\/mayaflats.com\/pl\/wp-json\/wp\/v2\/users\/2"}],"replies":[{"embeddable":true,"href":"https:\/\/mayaflats.com\/pl\/wp-json\/wp\/v2\/comments?post=196974"}],"version-history":[{"count":9,"href":"https:\/\/mayaflats.com\/pl\/wp-json\/wp\/v2\/pages\/196974\/revisions"}],"predecessor-version":[{"id":199984,"href":"https:\/\/mayaflats.com\/pl\/wp-json\/wp\/v2\/pages\/196974\/revisions\/199984"}],"wp:attachment":[{"href":"https:\/\/mayaflats.com\/pl\/wp-json\/wp\/v2\/media?parent=196974"}],"curies":[{"name":"wp","href":"https:\/\/api.w.org\/{rel}","templated":true}]}}