{"id":200065,"date":"2025-10-20T19:22:19","date_gmt":"2025-10-20T19:22:19","guid":{"rendered":"https:\/\/mayaflats.com\/?page_id=200065"},"modified":"2025-12-22T07:26:31","modified_gmt":"2025-12-22T06:26:31","slug":"best-serviced-apartments","status":"publish","type":"page","link":"https:\/\/mayaflats.com\/pl\/best-serviced-apartments\/","title":{"rendered":"Nasza historia"},"content":{"rendered":"<div data-elementor-type=\"wp-page\" data-elementor-id=\"200065\" class=\"elementor elementor-200065\" data-elementor-post-type=\"page\">\n\t\t\t\t<div class=\"elementor-element elementor-element-21dfc46 e-flex e-con-boxed e-con e-parent\" data-id=\"21dfc46\" data-element_type=\"container\" data-settings=\"{&quot;jet_parallax_layout_list&quot;:[],&quot;background_background&quot;:&quot;classic&quot;}\">\n\t\t\t\t\t<div class=\"e-con-inner\">\n\t\t<div class=\"elementor-element elementor-element-a6aa5c2 e-con-full e-flex e-con e-child\" data-id=\"a6aa5c2\" data-element_type=\"container\" data-settings=\"{&quot;jet_parallax_layout_list&quot;:[]}\">\n\t\t\t\t<div class=\"elementor-element elementor-element-18c7033 elementor-widget elementor-widget-heading\" data-id=\"18c7033\" data-element_type=\"widget\" data-widget_type=\"heading.default\">\n\t\t\t\t<div class=\"elementor-widget-container\">\n\t\t\t\t\t<h1 class=\"elementor-heading-title elementor-size-default\">Nasza historia: Host #1 w Gda\u0144sku i Atenach<\/h1>\t\t\t\t<\/div>\n\t\t\t\t<\/div>\n\t\t\t\t<\/div>\n\t\t\t\t\t<\/div>\n\t\t\t\t<\/div>\n\t\t<div class=\"elementor-element elementor-element-6d0a5b89 e-flex e-con-boxed e-con e-parent\" data-id=\"6d0a5b89\" data-element_type=\"container\" data-settings=\"{&quot;background_background&quot;:&quot;classic&quot;,&quot;jet_parallax_layout_list&quot;:[]}\">\n\t\t\t\t\t<div class=\"e-con-inner\">\n\t\t<div class=\"elementor-element elementor-element-db9ed14 e-flex e-con-boxed e-con e-child\" data-id=\"db9ed14\" data-element_type=\"container\" data-settings=\"{&quot;jet_parallax_layout_list&quot;:[]}\">\n\t\t\t\t\t<div class=\"e-con-inner\">\n\t\t\t\t<div class=\"elementor-element elementor-element-430cd0cd animated-fast elementor-invisible elementor-widget elementor-widget-heading\" data-id=\"430cd0cd\" data-element_type=\"widget\" data-settings=\"{&quot;_animation&quot;:&quot;fadeIn&quot;,&quot;_animation_delay&quot;:500}\" data-widget_type=\"heading.default\">\n\t\t\t\t<div class=\"elementor-widget-container\">\n\t\t\t\t\t<h2 class=\"elementor-heading-title elementor-size-default\">Witamy w Maya&#039;s Flats &amp; Resorts, o\u015brodku oferuj\u0105cym apartamenty z obs\u0142ug\u0105 #1 w Gda\u0144sku i Atenach.<\/h2>\t\t\t\t<\/div>\n\t\t\t\t<\/div>\n\t\t\t\t<div class=\"elementor-element elementor-element-5099e370 animated-fast elementor-invisible elementor-widget elementor-widget-image\" data-id=\"5099e370\" data-element_type=\"widget\" data-settings=\"{&quot;_animation&quot;:&quot;fadeIn&quot;,&quot;_animation_delay&quot;:750}\" data-widget_type=\"image.default\">\n\t\t\t\t<div class=\"elementor-widget-container\">\n\t\t\t\t\t\t\t\t\t\t\t\t\t\t\t<img decoding=\"async\" src=\"https:\/\/mayaflats.com\/wp-content\/uploads\/elementor\/thumbs\/Maya-newlogo-PNG-1-rflmujnsmdudeol6pvhrlttluowj7cnlguc1620vyc.png\" title=\"Maya nowe logo PNG\" alt=\"Maya newlogo PNG\" loading=\"lazy\" \/>\t\t\t\t\t\t\t\t\t\t\t\t\t\t\t<\/div>\n\t\t\t\t<\/div>\n\t\t<div class=\"elementor-element elementor-element-71eed8ca e-grid e-con-full e-con e-child\" data-id=\"71eed8ca\" data-element_type=\"container\" data-settings=\"{&quot;jet_parallax_layout_list&quot;:[]}\">\n\t\t\t\t<div class=\"elementor-element elementor-element-6a67e1fa animated-fast elementor-invisible elementor-widget elementor-widget-text-editor\" data-id=\"6a67e1fa\" data-element_type=\"widget\" data-settings=\"{&quot;_animation&quot;:&quot;fadeIn&quot;,&quot;_animation_delay&quot;:1000}\" data-widget_type=\"text-editor.default\">\n\t\t\t\t<div class=\"elementor-widget-container\">\n\t\t\t\t\t\t\t\t\t<p>Nasza historia rozpocz\u0119\u0142a si\u0119 14 lat temu, zakorzeniona w pe\u0142nej mi\u0142o\u015bci pami\u0119ci o niezwyk\u0142ej m\u0142odej dziewczynie, Mai, kt\u00f3rej duch dobroci i determinacji do dzi\u015b inspiruje nasz\u0105 misj\u0119. To co\u015b wi\u0119cej ni\u017c tylko imi\u0119 \u2013 to dziedzictwo kieruje naszym zaanga\u017cowaniem w zapewnianie wyj\u0105tkowych do\u015bwiadcze\u0144. Od pocz\u0105tk\u00f3w w Gda\u0144sku, Maya&#039;s Flats &amp; Resorts rozwin\u0119\u0142o si\u0119, staj\u0105c si\u0119 Twoim\u00a0<b>zaufany gospodarz go\u015bcinno\u015bci w Gda\u0144sku i Atenach<\/b>, kt\u00f3rej celem jest ustanowienie nowego, profesjonalnego standardu dla apartament\u00f3w z obs\u0142ug\u0105 w ca\u0142ej Europie. To zaanga\u017cowanie w d\u0105\u017cenie do doskona\u0142o\u015bci jest w pe\u0142ni wspierane przez nasze\u00a0<b>Struktura oparta na sztucznej inteligencji<\/b>\u00a0I\u00a0<b>opanowanie technologii<\/b>, dbaj\u0105c o to, by pozosta\u0107 liderem w bran\u017cy. Zale\u017cy nam na utrzymaniu najwy\u017cszego poziomu profesjonalnego zarz\u0105dzania i serdecznej obs\u0142ugi, zapewniaj\u0105c ka\u017cdemu go\u015bciowi ciep\u0142o domowego ogniska, niezale\u017cnie od tego, dok\u0105d zaprowadzi go podr\u00f3\u017c.<\/p><h3>Dziedzictwo Maj\u00f3w: Zapewniamy apartamenty z obs\u0142ug\u0105 #1<\/h3><p data-path-to-node=\"8\">Dla naszego za\u0142o\u017cyciela, Eyala Nira, za\u0142o\u017cenie Maya&#039;s Flats &amp; Resorts by\u0142o g\u0142\u0119boko osobist\u0105 misj\u0105. Pomys\u0142 powsta\u0142 14 lat temu ku pami\u0119ci jego c\u00f3rki, Mai, niezwyk\u0142ej m\u0142odej dziewczyny, kt\u00f3rej dobro\u0107, duch i ciekawo\u015b\u0107 pozostawi\u0142y trwa\u0142e wra\u017cenie na wszystkich, kt\u00f3rzy j\u0105 znali. Ten fundament oznacza, \u017ce nasze zaanga\u017cowanie w sprawy go\u015bci wykracza daleko poza typowe zarz\u0105dzanie nieruchomo\u015bciami.\u00a0<b>Cho\u0107 inwestujemy ogromne \u015brodki w systemy operacyjne nowej generacji, aby zoptymalizowa\u0107 ka\u017cdy szczeg\u00f3\u0142<\/b>, Ta inwestycja technologiczna s\u0142u\u017cy jednemu kluczowemu celowi: umo\u017cliwieniu naszym lokalnym zespo\u0142om skupienia si\u0119 na relacjach mi\u0119dzyludzkich i opiece. To wyj\u0105tkowe dziedzictwo gwarantuje, \u017ce traktujemy ka\u017cdy obiekt i ka\u017cdego go\u015bcia z serdeczno\u015bci\u0105 i uwag\u0105 nale\u017cn\u0105 rodzinie.<\/p><h3 data-path-to-node=\"4,2,1,0,0\"><b>14 lat do\u015bwiadczenia w europejskiej go\u015bcinno\u015bci<\/b><\/h3><p>Od momentu otwarcia naszego pierwszego apartamentu na historycznym Starym Mie\u015bcie w Gda\u0144sku, z pasj\u0105 doskonalimy sztuk\u0119 zarz\u0105dzania wynajmem kr\u00f3tkoterminowym. Nasze 14-letnie do\u015bwiadczenie nie tylko zapewni\u0142o nam dog\u0142\u0119bn\u0105 wiedz\u0119 na temat lokalnych reali\u00f3w, ale tak\u017ce pozwoli\u0142o nam wypracowa\u0107 solidne, profesjonalne ramy niezb\u0119dne do skalowania pi\u0119ciogwiazdkowego do\u015bwiadczenia.<\/p>\t\t\t\t\t\t\t\t<\/div>\n\t\t\t\t<\/div>\n\t\t\t\t<div class=\"elementor-element elementor-element-2d3f8be5 animated-fast elementor-invisible elementor-widget elementor-widget-text-editor\" data-id=\"2d3f8be5\" data-element_type=\"widget\" data-settings=\"{&quot;_animation&quot;:&quot;fadeIn&quot;,&quot;_animation_delay&quot;:1000}\" data-widget_type=\"text-editor.default\">\n\t\t\t\t<div class=\"elementor-widget-container\">\n\t\t\t\t\t\t\t\t\t<p>Nie jeste\u015bmy tylko gospodarzami; jeste\u015bmy\u00a0<b>profesjonalni gospodarze go\u015bcinno\u015bci<\/b>\u00a0kt\u00f3rzy wyznaczaj\u0105 standardy jako\u015bci, czysto\u015bci i doskona\u0142o\u015bci operacyjnej. Ta wiedza specjalistyczna w po\u0142\u0105czeniu z nasz\u0105\u00a0<b>ci\u0105g\u0142e d\u0105\u017cenie do wprowadzania najnowocze\u015bniejszych technologii operacyjnych<\/b>, pozycjonuje nas jako lidera w przysz\u0142o\u015bci bran\u017cy wynajmu kr\u00f3tkoterminowego. Oferujemy pe\u0142n\u0105 obs\u0142ug\u0119,\u00a0<b>zarz\u0105dzanie nieruchomo\u015bciami eksperckimi<\/b>\u00a0rozwi\u0105zania dla w\u0142a\u015bcicieli, kt\u00f3rzy ceni\u0105 sobie niezawodno\u015b\u0107 i najwy\u017csze zyski.<\/p><h3><strong>Od Ba\u0142tyku do Akropolu: Nasz globalny standard<\/strong><\/h3><p>Nasza ekspansja z polskiego wybrze\u017ca Ba\u0142tyku na sk\u0105pane w s\u0142o\u0144cu ulice Aten otwiera kolejny, ekscytuj\u0105cy rozdzia\u0142 w naszej historii. Ten rozw\u00f3j nap\u0119dza jeden cel: zapewnienie podr\u00f3\u017cnym w ca\u0142ej Europie tego samego, niezr\u00f3wnanego standardu opieki i jako\u015bci.\u00a0<b>Bezproblemow\u0105 sp\u00f3jno\u015b\u0107 naszych us\u0142ug, niezale\u017cnie od tego, czy jeste\u015b w Gda\u0144sku czy w Atenach, gwarantuje nasza pot\u0119\u017cna platforma oparta na sztucznej inteligencji.<\/b>\u00a0Dzi\u0119ki temu mo\u017cemy zapewni\u0107 niezawodn\u0105 obs\u0142ug\u0119 od momentu rezerwacji do momentu wymeldowania, co potwierdza nasz\u0105 pozycj\u0119 jako\u00a0<b>zaufany gospodarz go\u015bcinno\u015bci w Europie<\/b><strong>-szeroki.<\/strong><\/p><h3><strong>Odkryj r\u00f3\u017cnic\u0119 Maj\u00f3w<\/strong><\/h3><p>Zapraszamy do do\u015bwiadczenia r\u00f3\u017cnicy, jak\u0105 daje osobiste dziedzictwo \u017cyczliwo\u015bci i 14 lat do\u015bwiadczenia zawodowego, teraz poparte\u00a0<b>systemy technologiczne definiuj\u0105ce nowoczesn\u0105 go\u015bcinno\u015b\u0107<\/b>\u2014mo\u017cesz. Wyznaczamy najwy\u017csze standardy apartament\u00f3w z obs\u0142ug\u0105 w Gda\u0144sku i Atenach i wierzymy, \u017ce nasi go\u015bcie zas\u0142uguj\u0105 na prawdziwie zaufanego gospodarza, kt\u00f3ry oferuje go\u015bcinno\u015b\u0107 w ca\u0142ej Europie. Zarezerwuj u nas sw\u00f3j kolejny pobyt i odkryj prawdziwe znaczenie domu.<\/p><p>Aby utrzyma\u0107 pozycj\u0119 lidera i zapewni\u0107 przejrzysto\u015b\u0107 \u015bwiadczonych us\u0142ug, regularnie dokonujemy przegl\u0105du zmian regulacyjnych w\u00a0<b><a class=\"ng-star-inserted\" href=\"https:\/\/en.wikipedia.org\/wiki\/Short-term_rental\" target=\"_blank\" rel=\"noopener\" data-hveid=\"0\" data-ved=\"0CAAQ_4QMahgKEwjD2JWPk62RAxUAAAAAHQAAAAAQtQo\">Europejski przemys\u0142 wynajmu kr\u00f3tkoterminowego<\/a><\/b>. Je\u015bli jeste\u015b w\u0142a\u015bcicielem, mo\u017cesz dowiedzie\u0107 si\u0119 wi\u0119cej o naszym dedykowanym\u00a0<b><a class=\"ng-star-inserted\" href=\"https:\/\/mayaflats.com\/pl\/partner-with-us\/\" target=\"_blank\" rel=\"noopener\" data-hveid=\"0\" data-ved=\"0CAAQ_4QMahgKEwjD2JWPk62RAxUAAAAAHQAAAAAQtgo\">Profesjonalne zarz\u0105dzanie wynajmem kr\u00f3tkoterminowym<\/a><\/b>\u00a0Us\u0142ugi na naszej stronie partnerskiej. To zaanga\u017cowanie w wiedz\u0119 specjalistyczn\u0105 i obs\u0142ug\u0119 klienta jest powodem, dla kt\u00f3rego jeste\u015bmy zobowi\u0105zani do bycia dla Ciebie \u017ar\u00f3d\u0142em\u00a0<b>#1 Apartamenty z obs\u0142ug\u0105 w Gda\u0144sku i Atenach.<\/b><\/p>\t\t\t\t\t\t\t\t<\/div>\n\t\t\t\t<\/div>\n\t\t\t\t<\/div>\n\t\t\t\t\t<\/div>\n\t\t\t\t<\/div>\n\t\t\t\t\t<\/div>\n\t\t\t\t<\/div>\n\t\t\t\t<\/div>","protected":false},"excerpt":{"rendered":"<p>Our Story: The #1 Host in Gda\u0144sk &amp; Athens Welcome to Maya\u2019s Flats &amp; Resorts, providing the\u00a0#1 Serviced Apartments\u00a0experience in Gda\u0144sk and Athens. Our story began 14 years ago, rooted in the loving memory of a remarkable young girl, Maya, whose spirit of kindness and drive continues to inspire our mission today. More than just [&hellip;]<\/p>","protected":false},"author":2,"featured_media":0,"parent":0,"menu_order":0,"comment_status":"closed","ping_status":"closed","template":"","meta":{"_acf_changed":false,"footnotes":""},"class_list":["post-200065","page","type-page","status-publish","hentry"],"acf":[],"_links":{"self":[{"href":"https:\/\/mayaflats.com\/pl\/wp-json\/wp\/v2\/pages\/200065","targetHints":{"allow":["GET"]}}],"collection":[{"href":"https:\/\/mayaflats.com\/pl\/wp-json\/wp\/v2\/pages"}],"about":[{"href":"https:\/\/mayaflats.com\/pl\/wp-json\/wp\/v2\/types\/page"}],"author":[{"embeddable":true,"href":"https:\/\/mayaflats.com\/pl\/wp-json\/wp\/v2\/users\/2"}],"replies":[{"embeddable":true,"href":"https:\/\/mayaflats.com\/pl\/wp-json\/wp\/v2\/comments?post=200065"}],"version-history":[{"count":83,"href":"https:\/\/mayaflats.com\/pl\/wp-json\/wp\/v2\/pages\/200065\/revisions"}],"predecessor-version":[{"id":204067,"href":"https:\/\/mayaflats.com\/pl\/wp-json\/wp\/v2\/pages\/200065\/revisions\/204067"}],"wp:attachment":[{"href":"https:\/\/mayaflats.com\/pl\/wp-json\/wp\/v2\/media?parent=200065"}],"curies":[{"name":"wp","href":"https:\/\/api.w.org\/{rel}","templated":true}]}}