{"id":3,"date":"2023-05-18T06:13:47","date_gmt":"2023-05-18T06:13:47","guid":{"rendered":"https:\/\/mayaflats.com\/?page_id=3"},"modified":"2025-10-16T17:08:48","modified_gmt":"2025-10-16T17:08:48","slug":"privacy-policy","status":"publish","type":"page","link":"https:\/\/mayaflats.com\/pl\/privacy-policy\/","title":{"rendered":"Polityka prywatno\u015bci"},"content":{"rendered":"<div data-elementor-type=\"wp-page\" data-elementor-id=\"3\" class=\"elementor elementor-3\" data-elementor-post-type=\"page\">\n\t\t\t\t<div class=\"elementor-element elementor-element-fbf3002 e-flex e-con-boxed e-con e-parent\" data-id=\"fbf3002\" data-element_type=\"container\" data-settings=\"{&quot;jet_parallax_layout_list&quot;:[],&quot;background_background&quot;:&quot;classic&quot;}\">\n\t\t\t\t\t<div class=\"e-con-inner\">\n\t\t<div class=\"elementor-element elementor-element-c2038df e-con-full e-flex e-con e-child\" data-id=\"c2038df\" data-element_type=\"container\" data-settings=\"{&quot;jet_parallax_layout_list&quot;:[]}\">\n\t\t\t\t<div class=\"elementor-element elementor-element-8c247f6 elementor-widget elementor-widget-heading\" data-id=\"8c247f6\" data-element_type=\"widget\" data-widget_type=\"heading.default\">\n\t\t\t\t<div class=\"elementor-widget-container\">\n\t\t\t\t\t<h1 class=\"elementor-heading-title elementor-size-default\">Polityka prywatno\u015bci<\/h1>\t\t\t\t<\/div>\n\t\t\t\t<\/div>\n\t\t\t\t<\/div>\n\t\t\t\t\t<\/div>\n\t\t\t\t<\/div>\n\t\t<div class=\"elementor-element elementor-element-b058e1b e-flex e-con-boxed e-con e-parent\" data-id=\"b058e1b\" data-element_type=\"container\" data-settings=\"{&quot;jet_parallax_layout_list&quot;:[],&quot;background_background&quot;:&quot;classic&quot;}\">\n\t\t\t\t\t<div class=\"e-con-inner\">\n\t\t<div class=\"elementor-element elementor-element-88e0197 e-con-full e-flex e-con e-child\" data-id=\"88e0197\" data-element_type=\"container\" data-settings=\"{&quot;jet_parallax_layout_list&quot;:[]}\">\n\t\t\t\t<div class=\"elementor-element elementor-element-97ff2d5 elementor-widget elementor-widget-text-editor\" data-id=\"97ff2d5\" data-element_type=\"widget\" data-widget_type=\"text-editor.default\">\n\t\t\t\t<div class=\"elementor-widget-container\">\n\t\t\t\t\t\t\t\t\t<p data-start=\"324\" data-end=\"581\">Twoja prywatno\u015b\u0107 jest dla nas wa\u017cna. Niniejsza Polityka Prywatno\u015bci wyja\u015bnia, w jaki spos\u00f3b gromadzimy, wykorzystujemy, ujawniamy i chronimy Twoje dane osobowe, gdy odwiedzasz t\u0119 stron\u0119 internetow\u0105 lub korzystasz z naszych us\u0142ug, w tym rezerwuj\u0105c wynajem wakacyjny, wysy\u0142aj\u0105c zapytanie lub kontaktuj\u0105c si\u0119 z nami.<\/p><p data-start=\"583\" data-end=\"646\">Korzystaj\u0105c z tej witryny, wyra\u017casz zgod\u0119 na opisane poni\u017cej praktyki.<\/p><hr data-start=\"648\" data-end=\"651\" \/><h3 data-start=\"653\" data-end=\"681\">1. Informacje, kt\u00f3re zbieramy<\/h3><p data-start=\"683\" data-end=\"742\">Mo\u017cemy zbiera\u0107 nast\u0119puj\u0105ce rodzaje danych osobowych:<\/p><ul data-start=\"744\" data-end=\"1159\"><li data-start=\"744\" data-end=\"804\"><p data-start=\"746\" data-end=\"804\"><strong data-start=\"746\" data-end=\"769\">Informacje kontaktowe<\/strong>:Imi\u0119 i nazwisko, adres e-mail, numer telefonu<\/p><\/li><li data-start=\"805\" data-end=\"878\"><p data-start=\"807\" data-end=\"878\"><strong data-start=\"807\" data-end=\"826\">Szczeg\u00f3\u0142y rezerwacji<\/strong>: Daty pobytu, liczba go\u015bci, wybrany obiekt<\/p><\/li><li data-start=\"879\" data-end=\"959\"><p data-start=\"881\" data-end=\"959\"><strong data-start=\"881\" data-end=\"904\">Informacje o p\u0142atno\u015bciach<\/strong>: Gromadzone w bezpieczny spos\u00f3b za po\u015brednictwem zewn\u0119trznych procesor\u00f3w p\u0142atno\u015bci<\/p><\/li><li data-start=\"960\" data-end=\"1036\"><p data-start=\"962\" data-end=\"1036\"><strong data-start=\"962\" data-end=\"983\">Informacje o koncie u\u017cytkownika<\/strong> (je\u015bli dotyczy): dane logowania i zapisane preferencje<\/p><\/li><li data-start=\"1037\" data-end=\"1159\"><p data-start=\"1039\" data-end=\"1159\"><strong data-start=\"1039\" data-end=\"1057\">Dane techniczne<\/strong>:Adres IP, typ przegl\u0105darki, odwiedzane strony i czas sp\u0119dzony na stronie (za po\u015brednictwem plik\u00f3w cookie lub narz\u0119dzi analitycznych)<\/p><\/li><\/ul><hr data-start=\"1161\" data-end=\"1164\" \/><h3 data-start=\"1166\" data-end=\"1199\">2. Jak wykorzystujemy Twoje dane<\/h3><p data-start=\"1201\" data-end=\"1237\">Zebrane informacje wykorzystujemy w celu:<\/p><ul data-start=\"1239\" data-end=\"1497\"><li data-start=\"1239\" data-end=\"1290\"><p data-start=\"1241\" data-end=\"1290\">Odpowiadanie na zapytania i zapewnianie obs\u0142ugi klienta<\/p><\/li><li data-start=\"1291\" data-end=\"1336\"><p data-start=\"1293\" data-end=\"1336\">Przetwarzaj i zarz\u0105dzaj rezerwacjami<\/p><\/li><li data-start=\"1337\" data-end=\"1385\"><p data-start=\"1339\" data-end=\"1385\">Przeka\u017c wa\u017cne aktualizacje lub potwierdzenia<\/p><\/li><li data-start=\"1386\" data-end=\"1435\"><p data-start=\"1388\" data-end=\"1435\">Popraw wydajno\u015b\u0107 witryny i komfort u\u017cytkownika<\/p><\/li><li data-start=\"1436\" data-end=\"1497\"><p data-start=\"1438\" data-end=\"1497\">Wysy\u0142aj e-maile promocyjne lub oferty (tylko je\u015bli wyrazi\u0142e\u015b na to zgod\u0119)<\/p><\/li><\/ul><p data-start=\"1499\" data-end=\"1544\">Nigdy nie sprzedamy Twoich danych osobowych.<\/p><hr data-start=\"1546\" data-end=\"1549\" \/><h3 data-start=\"1551\" data-end=\"1579\">3. Udost\u0119pnianie informacji<\/h3><p data-start=\"1581\" data-end=\"1656\">Twoje dane mo\u017cemy udost\u0119pnia\u0107 osobom trzecim wy\u0142\u0105cznie w nast\u0119puj\u0105cych sytuacjach:<\/p><ul data-start=\"1658\" data-end=\"1989\"><li data-start=\"1658\" data-end=\"1742\"><p data-start=\"1660\" data-end=\"1742\"><strong data-start=\"1660\" data-end=\"1681\">Dostawcy us\u0142ug<\/strong>:Aby przetwarza\u0107 p\u0142atno\u015bci, zarz\u0105dza\u0107 rezerwacjami lub bezpiecznie przechowywa\u0107 dane<\/p><\/li><li data-start=\"1743\" data-end=\"1856\"><p data-start=\"1745\" data-end=\"1856\"><strong data-start=\"1745\" data-end=\"1767\">Wymagania prawne<\/strong>:W przypadku konieczno\u015bci przestrzegania obowi\u0105zuj\u0105cych przepis\u00f3w prawa, post\u0119powa\u0144 prawnych lub \u017c\u0105da\u0144 rz\u0105dowych<\/p><\/li><li data-start=\"1857\" data-end=\"1989\"><p data-start=\"1859\" data-end=\"1989\"><strong data-start=\"1859\" data-end=\"1880\">Partnerzy platformy<\/strong>:Je\u015bli dokonujesz rezerwacji za po\u015brednictwem witryny zewn\u0119trznej (np. Airbnb, Vrbo), Twoje dane podlegaj\u0105 r\u00f3wnie\u017c jej polityce prywatno\u015bci<\/p><\/li><\/ul><hr data-start=\"1991\" data-end=\"1994\" \/><h3 data-start=\"1996\" data-end=\"2020\">4. Pliki cookie i \u015bledzenie<\/h3><p data-start=\"2022\" data-end=\"2073\">Ta strona u\u017cywa plik\u00f3w cookie i podobnych technologii w celu:<\/p><ul data-start=\"2075\" data-end=\"2194\"><li data-start=\"2075\" data-end=\"2105\"><p data-start=\"2077\" data-end=\"2105\">Rozpoznawaj powracaj\u0105cych go\u015bci<\/p><\/li><li data-start=\"2106\" data-end=\"2133\"><p data-start=\"2108\" data-end=\"2133\">Zapami\u0119taj swoje preferencje<\/p><\/li><li data-start=\"2134\" data-end=\"2194\"><p data-start=\"2136\" data-end=\"2194\">Mierz ruch i wzorce u\u017cytkowania za pomoc\u0105 narz\u0119dzi analitycznych<\/p><\/li><\/ul><p data-start=\"2196\" data-end=\"2256\">Preferencjami dotycz\u0105cymi plik\u00f3w cookie mo\u017cesz zarz\u0105dza\u0107 za pomoc\u0105 ustawie\u0144 swojej przegl\u0105darki.<\/p><hr data-start=\"2258\" data-end=\"2261\" \/><h3 data-start=\"2263\" data-end=\"2282\">5. Bezpiecze\u0144stwo danych<\/h3><p data-start=\"2284\" data-end=\"2471\">Stosujemy odpowiednie zabezpieczenia, aby chroni\u0107 Twoje dane przed nieautoryzowanym dost\u0119pem, wykorzystaniem lub ujawnieniem. Obejmuje to bezpieczne przetwarzanie p\u0142atno\u015bci i ograniczenie dost\u0119pu do poufnych informacji.<\/p><p data-start=\"2473\" data-end=\"2583\">Jednak\u017ce \u017cadna metoda przesy\u0142ania danych przez Internet ani przechowywania danych nie jest w 100% bezpieczna, dlatego nie mo\u017cemy zagwarantowa\u0107 ca\u0142kowitego bezpiecze\u0144stwa.<\/p><hr data-start=\"2585\" data-end=\"2588\" \/><h3 data-start=\"2590\" data-end=\"2607\">6. Twoje prawa<\/h3><p data-start=\"2609\" data-end=\"2631\">Masz prawo do:<\/p><ul data-start=\"2633\" data-end=\"2823\"><li data-start=\"2633\" data-end=\"2678\"><p data-start=\"2635\" data-end=\"2678\">Popro\u015b o dost\u0119p do swoich danych osobowych<\/p><\/li><li data-start=\"2679\" data-end=\"2719\"><p data-start=\"2681\" data-end=\"2719\">Popro\u015b o korekt\u0119 nieprawid\u0142owych danych<\/p><\/li><li data-start=\"2720\" data-end=\"2766\"><p data-start=\"2722\" data-end=\"2766\">Cofnij zgod\u0119 na komunikacj\u0119 marketingow\u0105<\/p><\/li><li data-start=\"2767\" data-end=\"2823\"><p data-start=\"2769\" data-end=\"2823\">Popro\u015b o usuni\u0119cie swoich danych, je\u017celi jest to prawnie dozwolone<\/p><\/li><\/ul><p data-start=\"2825\" data-end=\"2892\">Aby skorzysta\u0107 z tych praw, prosimy o skorzystanie z formularza kontaktowego znajduj\u0105cego si\u0119 na tej stronie.<\/p><hr data-start=\"2894\" data-end=\"2897\" \/><h3 data-start=\"2899\" data-end=\"2922\">7. Linki stron trzecich<\/h3><p data-start=\"2924\" data-end=\"3112\">Ta strona mo\u017ce zawiera\u0107 linki do stron internetowych os\u00f3b trzecich. Nie ponosimy odpowiedzialno\u015bci za polityk\u0119 prywatno\u015bci ani tre\u015b\u0107 tych stron. Zalecamy zapoznanie si\u0119 z ich polityk\u0105 prywatno\u015bci.<\/p><hr data-start=\"3114\" data-end=\"3117\" \/><h3 data-start=\"3119\" data-end=\"3143\">8. Prywatno\u015b\u0107 dzieci<\/h3><p data-start=\"3145\" data-end=\"3377\">Ta strona nie jest przeznaczona dla os\u00f3b poni\u017cej 18 roku \u017cycia. Nie gromadzimy \u015bwiadomie danych osobowych os\u00f3b nieletnich. Je\u015bli dowiemy si\u0119, \u017ce zebrali\u015bmy dane dziecka bez odpowiedniej zgody, podejmiemy kroki w celu ich usuni\u0119cia.<\/p><hr data-start=\"3379\" data-end=\"3382\" \/><h3 data-start=\"3384\" data-end=\"3412\">9. Zmiany w niniejszej Polityce<\/h3><p data-start=\"3414\" data-end=\"3602\">Mo\u017cemy okresowo aktualizowa\u0107 niniejsz\u0105 Polityk\u0119 Prywatno\u015bci. Zmiany b\u0119d\u0105 publikowane na tej stronie wraz z dat\u0105 aktualizacji. Dalsze korzystanie ze strony oznacza akceptacj\u0119 wszelkich zmian.<\/p><hr data-start=\"3604\" data-end=\"3607\" \/><h3 data-start=\"3609\" data-end=\"3637\">10. Pytania lub w\u0105tpliwo\u015bci<\/h3><p data-start=\"3639\" data-end=\"3741\">Je\u015bli masz jakiekolwiek pytania dotycz\u0105ce niniejszej Polityki prywatno\u015bci, skontaktuj si\u0119 z nami.<\/p>\t\t\t\t\t\t\t\t<\/div>\n\t\t\t\t<\/div>\n\t\t\t\t<\/div>\n\t\t\t\t\t<\/div>\n\t\t\t\t<\/div>\n\t\t\t\t<\/div>","protected":false},"excerpt":{"rendered":"<p>Your privacy is important to us. This Privacy Policy explains how we collect, use, disclose, and protect your personal information when you visit this website or use our services, including booking a vacation rental, submitting an inquiry, or contacting us. By using this site, you agree to the practices described below. 1. Information We Collect [&hellip;]<\/p>","protected":false},"author":2,"featured_media":0,"parent":0,"menu_order":0,"comment_status":"closed","ping_status":"open","template":"","meta":{"_acf_changed":false,"footnotes":""},"class_list":["post-3","page","type-page","status-publish","hentry"],"acf":[],"_links":{"self":[{"href":"https:\/\/mayaflats.com\/pl\/wp-json\/wp\/v2\/pages\/3","targetHints":{"allow":["GET"]}}],"collection":[{"href":"https:\/\/mayaflats.com\/pl\/wp-json\/wp\/v2\/pages"}],"about":[{"href":"https:\/\/mayaflats.com\/pl\/wp-json\/wp\/v2\/types\/page"}],"author":[{"embeddable":true,"href":"https:\/\/mayaflats.com\/pl\/wp-json\/wp\/v2\/users\/2"}],"replies":[{"embeddable":true,"href":"https:\/\/mayaflats.com\/pl\/wp-json\/wp\/v2\/comments?post=3"}],"version-history":[{"count":9,"href":"https:\/\/mayaflats.com\/pl\/wp-json\/wp\/v2\/pages\/3\/revisions"}],"predecessor-version":[{"id":200014,"href":"https:\/\/mayaflats.com\/pl\/wp-json\/wp\/v2\/pages\/3\/revisions\/200014"}],"wp:attachment":[{"href":"https:\/\/mayaflats.com\/pl\/wp-json\/wp\/v2\/media?parent=3"}],"curies":[{"name":"wp","href":"https:\/\/api.w.org\/{rel}","templated":true}]}}